{"id":9935,"date":"2021-02-01T11:59:38","date_gmt":"2021-02-01T10:59:38","guid":{"rendered":"https:\/\/dryguardians.eu\/product\/dryguardians-for-pojkar\/"},"modified":"2025-03-31T15:50:00","modified_gmt":"2025-03-31T13:50:00","slug":"dryguardians-for-pojkar","status":"publish","type":"product","link":"https:\/\/dryguardians.eu\/sv\/produkt\/dryguardians-for-pojkar\/","title":{"rendered":"DryGuardians f\u00f6r pojkar"},"content":{"rendered":"<h3>DryGuardians f\u00f6r Pojkar &#8211; Effektiv behandling med s\u00e4ngv\u00e4tningslarm f\u00f6r pojkar<\/h3>\n<p>DryGuardians f\u00f6r Pojkar \u00e4r den perfekta l\u00f6sningen f\u00f6r pojkar som lider av s\u00e4ngv\u00e4tning (nattlig enures). I kombination med v\u00e5r DryGuardians-app f\u00e5r du en effektiv och bekv\u00e4m behandling mot s\u00e4ngv\u00e4tning. Dessa behandlingsunderkl\u00e4der har insydda sensortr\u00e5dar som snabbt k\u00e4nner av v\u00e4ta och aktiverar s\u00e4ngv\u00e4tningslarmet f\u00f6r att hj\u00e4lpa barnet att vakna och sluta kissa. DryGuardians behandlingstj\u00e4nst analyserar s\u00e4ngv\u00e4tning och ger skr\u00e4ddarsydda tips och r\u00e5d l\u00e4ngs v\u00e4gen.   <\/p>\n<p>Ladda ner DryGuardians-appen fr\u00e5n <a href=\"https:\/\/play.google.com\/store\/apps\/details?id=com.pjama&amp;gl=sv&amp;hl=sv\" target=\"_blank\" rel=\"noopener\">Google Play<\/a> eller <a href=\"https:\/\/apps.apple.com\/sv\/app\/pjama\/id1498084664?mt=8&amp;l=sv\" target=\"_blank\" rel=\"noopener\">App Store<\/a> f\u00f6r att f\u00f6lja utvecklingen och f\u00e5 personlig v\u00e4gledning under hela behandlingen av nattlig enures.<\/p>\n<h4>Funktioner<\/h4>\n<p>S\u00e4ngv\u00e4tningslarmet \u00e4r utformat f\u00f6r att hj\u00e4lpa b\u00e5de barn och vuxna med s\u00e4ngv\u00e4tning och fungerar som en f\u00f6rsta linjens behandling av enures (s\u00e4ngv\u00e4tning). Sensorn som sitter p\u00e5 Pjama-kalsongerna \u00e4r ansluten till en larmenhet som aktiveras n\u00e4r den k\u00e4nner av v\u00e4ta. Denna behandling med s\u00e4ngv\u00e4tningslarm fungerar genom att omedelbart v\u00e4cka individen f\u00f6r att stoppa s\u00e4ngv\u00e4tningen och tr\u00e4na hj\u00e4rnan att reagera p\u00e5 kroppens signaler.  <\/p>\n<p>DryGuardians f\u00f6r pojkar \u00e4r s\u00e4rskilt utformade f\u00f6r pojkars anatomi och m\u00e5lomr\u00e5det f\u00f6r urinstr\u00f6mmen. Boxerkalsongerna \u00e4r f\u00f6rsedda med tv\u00e5 knappar i midjan d\u00e4r du enkelt kan f\u00e4sta sensorn fr\u00e5n s\u00e4ngv\u00e4tningslarmet. Insydda sensortr\u00e5dar runt grenen g\u00f6r att larmsystemet enkelt kan uppt\u00e4cka v\u00e4ta och snabbt aktivera ett s\u00e4ngv\u00e4tningslarm, vilket effektivt och s\u00e4kert behandlar nattlig enures.  <\/p>\n<p>De insydda sensortr\u00e5darna i behandlingsunderkl\u00e4derna \u00f6kar m\u00e5lomr\u00e5det och f\u00f6rb\u00e4ttrar detekteringsnoggrannheten. Det inneb\u00e4r att oavsett var urinen landar eller vilken sovst\u00e4llning du eller ditt barn har, kommer larmet att uppt\u00e4cka s\u00e4ngv\u00e4tning p\u00e5 ett s\u00e4kert och snabbt s\u00e4tt. Detta kan vara s\u00e4rskilt v\u00e4rdefullt f\u00f6r pojkar, eftersom det omr\u00e5de d\u00e4r urinen f\u00f6rst kommer i kontakt ofta varierar.  <\/p>\n<h4>Anv\u00e4ndning<\/h4>\n<p>Att b\u00e4ra Boxer-behandlingskalsongerna \u00e4r lika bekv\u00e4mt som att b\u00e4ra vanliga underkl\u00e4der, vilket g\u00f6r dem idealiska f\u00f6r barn som lider av s\u00e4ngv\u00e4tning. DryGuardians kittet f\u00f6r Pojkar inneh\u00e5ller behandlingsunderkl\u00e4der. Dessa absorberar inte v\u00e4tska. Behandlingen fokuserar p\u00e5 att bryta vanan att urinera i s\u00e4ngen.  <\/p>\n<p>Paketet inneh\u00e5ller:<\/p>\n<ul>\n<li>2 x Boxer-behandlingskalsonger<\/li>\n<li>1 x s\u00e4ngv\u00e4tningslarm (sensor och ljudenhet)<\/li>\n<\/ul>\n<p>F\u00e4st bara sensorn i den fr\u00e4mre linningen p\u00e5 dina Boxer-behandlingskalsonger och starta s\u00e4ngv\u00e4tningslarmet, s\u00e5 \u00e4r du redo att p\u00e5b\u00f6rja behandlingen! Placera ljudenheten av s\u00e4ngv\u00e4tningslarmet n\u00e4ra s\u00e4ngen.<br \/>\nOm du eller ditt barn kissar i s\u00e4ngen kommer de k\u00e4nsliga insydda sensortr\u00e5darna i behandlingsunderkl\u00e4derna snabbt att aktivera larmet. Du eller ditt barn kan enkelt stoppa larmet genom att trycka p\u00e5 &#8221;ON\/OFF-knappen&#8221; p\u00e5 toppen av larmenheten och sedan g\u00e5 till badrummet f\u00f6r att kissa.  <\/p>\n<p>F\u00f6r att anv\u00e4nda s\u00e4ngv\u00e4tningslarmet med din telefon och ta del av behandlingstj\u00e4nsten, ladda ner DryGuardians-appen. Larmet ansluts automatiskt till DryGuardians-appen n\u00e4r den \u00e4r \u00f6ppen p\u00e5 din telefon. <\/p>\n<h4>Egenskaper och f\u00f6rdelar med DryGuardians f\u00f6r Pojkar<\/h4>\n<ul>\n<li><strong>Effektiv behandling:<\/strong> Hj\u00e4lper mot nattlig enures hos barn.<\/li>\n<li><strong>Kan anpassas f\u00f6r \u00f6vernattning:<\/strong> Anv\u00e4nd din smartphone och DryGuardians-appen f\u00f6r diskret behandling.<\/li>\n<li><strong>Laddning via USB:<\/strong> Larmenheten laddas enkelt med en USB-laddare.<\/li>\n<li><strong>Tr\u00e5dl\u00f6st system:<\/strong> Larmenheten kan placeras upp till 10 meter fr\u00e5n sensorn.<\/li>\n<li><strong>Meddelanden till f\u00f6r\u00e4ldrar:<\/strong> Anslut s\u00e4ngv\u00e4tningslarmet till en f\u00f6r\u00e4lders mobiltelefon f\u00f6r att f\u00e5 meddelanden om l\u00e4ckage.<\/li>\n<li><strong>S\u00e4ker detektering:<\/strong> Stort m\u00e5lomr\u00e5de anpassat f\u00f6r urinfl\u00f6det.<\/li>\n<li><strong>Bekv\u00e4ma och mjuka:<\/strong> Tillverkad av h\u00f6gkvalitativa, Oeko-Tex-certifierade tyger som \u00e4r s\u00e4kra och skonsamma mot barns hud.<\/li>\n<li><strong>H\u00e5llbar:<\/strong> Tv\u00e4ttbar i 60 grader och kan torktumlas.<\/li>\n<\/ul>\n<p><span style=\"color: #666666; font-size: 14px;\">Kom ih\u00e5g att koppla loss Pjama sensorn fr\u00e5n behandlingsunderbyxorna efter en olycka eller n\u00e4r behandlingen ej \u00e4r ig\u00e5ng. Sensorn ska EJ tv\u00e4ttas i maskin.<\/span><\/p>\n<h4>DryGuardians App och s\u00e4ngv\u00e4tningsklinik<\/h4>\n<p>Med DryGuardians-appen kan du enkelt f\u00f6lja upp hur behandlingen av s\u00e4ngv\u00e4tning och nattlig enures fortskrider. DryGuardians ger f\u00f6ruts\u00e4gelser och rekommendationer som utvecklats tillsammans med den svenska sjukv\u00e5rden, skr\u00e4ddarsydda efter hur din behandling fortskrider och s\u00e4kerst\u00e4ller att den \u00e4r optimerad f\u00f6r dina specifika behov och framsteg. Logga alla olyckor och se trender \u00f6ver tid, vilket kan hj\u00e4lpa dig eller ditt barn att h\u00e5lla motivationen uppe. Den insamlade informationen \u00e4r ocks\u00e5 v\u00e4rdefull att dela med l\u00e4kare om ytterligare r\u00e5d beh\u00f6vs.   <\/p>\n<ul>\n<li>Anv\u00e4nd appen som en ljudenhet f\u00f6r ditt s\u00e4ngv\u00e4tningslarm och v\u00e4lj olika alarmljud.<\/li>\n<li>Logga in nattens resultat i kalendern f\u00f6r att f\u00f6lja framstegen och f\u00e5 personliga tips.<\/li>\n<li>F\u00e5 personlig r\u00e5dgivning och st\u00f6d under behandlingen av enures.<\/li>\n<li>St\u00e4ll in dagslarm som p\u00e5minner dig eller ditt barn om att g\u00e5 p\u00e5 toaletten.<\/li>\n<\/ul>\n<p>Appen DryGuardians \u00e4r gratis att ladda ner fr\u00e5n <a href=\"https:\/\/play.google.com\/store\/apps\/details?id=com.pjama&amp;gl=sv&amp;hl=sv\" target=\"_blank\" rel=\"noopener\">Google Play<\/a> eller <a href=\"https:\/\/apps.apple.com\/sv\/app\/pjama\/id1498084664?mt=8&amp;l=sv\" target=\"_blank\" rel=\"noopener\">App Store<\/a>. L\u00e4s mer om v\u00e5r s\u00e4ngv\u00e4tningsklinik och hur vi kan hj\u00e4lpa dig eller ditt barn p\u00e5 v\u00e5r <a href=\"https:\/\/pjama.se\/\" target=\"_blank\" rel=\"noopener\">webbplats<\/a>. <\/p>\n<h4>Behandlingsprocessen &#8211; motivation och t\u00e5lamod \u00e4r nyckeln<\/h4>\n<p>Behandling av nattlig enures kr\u00e4ver motivation och t\u00e5lamod, s\u00e4rskilt under de f\u00f6rsta veckorna. F\u00f6r b\u00e5de barn och f\u00f6r\u00e4ldrar \u00e4r det viktigt att s\u00e4tta upp realistiska m\u00e5l och fira framstegen. Kom ih\u00e5g att m\u00e5let \u00e4r en torr s\u00e4ng utan hj\u00e4lp, och v\u00e4gen dit kan g\u00f6ras enklare med hj\u00e4lp av verktyg som DryGuardians for Boys.  <\/p>\n<p>Som f\u00f6r\u00e4lder kan du h\u00e5lla ditt barn motiverat genom att ge positiv feedback och komplimanger. Med hj\u00e4lp av <em>DryGuardians-appen<\/em> kan du f\u00e5 tips och r\u00e5d som \u00e4r anpassade till dina behandlingsframsteg. Det h\u00e4r \u00e4r ett s\u00e4kert och effektivt s\u00e4tt att f\u00f6rb\u00e4ttra vardagen f\u00f6r barn och vuxna som lider av enures.  <\/p>\n<p>\u00a9 2024 Pjama.<\/p>\n","protected":false},"excerpt":{"rendered":"<h3>DryGuardians f\u00f6r pojkar<\/h3>\n<p>DryGuardians f\u00f6r Pojkar \u00e4r en komplett tj\u00e4nst som m\u00f6jligg\u00f6r effektiv och s\u00e4ker behandling av enures (s\u00e4ngv\u00e4tning).<\/p>\n<ul>\n<li>Inneh\u00e5ller 2 x Pjama Behandlingskalsonger Boxer och 1 x s\u00e4ngv\u00e4tningslarm (sensor och ljudenhet)<\/li>\n<li>Stort m\u00e5lomr\u00e5de f\u00f6r snabb och s\u00e4ker hantering av s\u00e4ngv\u00e4tning.<\/li>\n<li>Lika mjuka och bekv\u00e4ma som vanliga boxerkalsonger.<\/li>\n<li>Tv\u00e4ttas i maskin i 60\u00b0C och kan torktumlas.<\/li>\n<\/ul>\n<p>Ladda ner DryGuardians-appen, en kostnadsfri behandlingstj\u00e4nst f\u00f6r s\u00e4ngv\u00e4tare, fr\u00e5n <a href=\"https:\/\/play.google.com\/store\/apps\/details?id=com.pjama&amp;gl=sv&amp;hl=sv\">Google Play<\/a> eller <a href=\"https:\/\/apps.apple.com\/sv\/app\/pjama\/id1498084664?mt=8&amp;l=sv\">App Store<\/a>.<\/p>\n","protected":false},"featured_media":8019,"template":"","meta":{"_et_pb_use_builder":"","_et_pb_old_content":"","_et_gb_content_width":"","inline_featured_image":false},"product_brand":[],"product_cat":[125],"product_tag":[],"class_list":{"0":"post-9935","1":"product","2":"type-product","3":"status-publish","4":"has-post-thumbnail","6":"product_cat-sangvatningsbyxor-vuxen","7":"product_shipping_class-eu-sv","9":"first","10":"instock","11":"taxable","12":"shipping-taxable","13":"purchasable","14":"product-type-composite"},"composite_virtual":false,"composite_layout":"single","composite_add_to_cart_form_location":"default","composite_editable_in_cart":false,"composite_sold_individually_context":"product","composite_shop_price_calc":"min_max","composite_components":[{"id":"1742893109","title":"Pjama Alarm f\u00f6r s\u00e4ngv\u00e4tning","description":"<p>V\u00e4tningslarm med h\u00f6gtalare och sensor.  <\/p>\n","query_type":"product_ids","query_ids":[17515],"default_option_id":17515,"thumbnail_id":7458,"thumbnail_src":"https:\/\/dryguardians.eu\/wp-content\/uploads\/Pjama-alarm-600x400-1.jpg","quantity_min":1,"quantity_max":1,"priced_individually":true,"shipped_individually":false,"optional":false,"discount":"","options_style":"dropdowns","pagination_style":"classic","display_prices":"absolute","show_sorting_options":false,"show_filtering_options":false,"attribute_filter_ids":[],"select_action":"view","product_title_visible":true,"product_descr_visible":false,"product_price_visible":true,"product_thumb_visible":true,"subtotal_visible_product":false,"subtotal_visible_cart":true,"subtotal_visible_orders":true},{"id":"1742893110","title":"Behandlingskalsonger - Boxer","description":"<p>Boxerkalsonger f\u00f6r behandling av s\u00e4ngv\u00e4tning. Icke-absorberande. <\/p>\n","query_type":"product_ids","query_ids":[17726],"default_option_id":17726,"thumbnail_id":7488,"thumbnail_src":"https:\/\/dryguardians.eu\/wp-content\/uploads\/Treatment-Boxer-underwear-for-pjama-bedwetting-alarm.jpg","quantity_min":2,"quantity_max":10,"priced_individually":true,"shipped_individually":false,"optional":false,"discount":"","options_style":"dropdowns","pagination_style":"classic","display_prices":"absolute","show_sorting_options":false,"show_filtering_options":false,"attribute_filter_ids":[],"select_action":"view","product_title_visible":true,"product_descr_visible":false,"product_price_visible":true,"product_thumb_visible":true,"subtotal_visible_product":true,"subtotal_visible_cart":true,"subtotal_visible_orders":true}],"composite_scenarios":[],"_links":{"self":[{"href":"https:\/\/dryguardians.eu\/sv\/wp-json\/wp\/v2\/product\/9935","targetHints":{"allow":["GET"]}}],"collection":[{"href":"https:\/\/dryguardians.eu\/sv\/wp-json\/wp\/v2\/product"}],"about":[{"href":"https:\/\/dryguardians.eu\/sv\/wp-json\/wp\/v2\/types\/product"}],"wp:featuredmedia":[{"embeddable":true,"href":"https:\/\/dryguardians.eu\/sv\/wp-json\/wp\/v2\/media\/8019"}],"wp:attachment":[{"href":"https:\/\/dryguardians.eu\/sv\/wp-json\/wp\/v2\/media?parent=9935"}],"wp:term":[{"taxonomy":"product_brand","embeddable":true,"href":"https:\/\/dryguardians.eu\/sv\/wp-json\/wp\/v2\/product_brand?post=9935"},{"taxonomy":"product_cat","embeddable":true,"href":"https:\/\/dryguardians.eu\/sv\/wp-json\/wp\/v2\/product_cat?post=9935"},{"taxonomy":"product_tag","embeddable":true,"href":"https:\/\/dryguardians.eu\/sv\/wp-json\/wp\/v2\/product_tag?post=9935"}],"curies":[{"name":"wp","href":"https:\/\/api.w.org\/{rel}","templated":true}]}}