{"id":9916,"date":"2024-09-23T09:09:28","date_gmt":"2024-09-23T07:09:28","guid":{"rendered":"https:\/\/dryguardians.eu\/product\/inkontinensunderklader-flickor-stary-night\/"},"modified":"2025-02-18T11:36:27","modified_gmt":"2025-02-18T10:36:27","slug":"inkontinensunderklader-flickor-stary-night","status":"publish","type":"product","link":"https:\/\/dryguardians.eu\/sv\/produkt\/inkontinensunderklader-flickor-stary-night\/","title":{"rendered":"Inkontinensunderkl\u00e4der Flickor Stary Night"},"content":{"rendered":"<h3>Inkontinensunderkl\u00e4der Flickor Stary Night<\/h3>\n<p>DRY &amp; COOLs inkontinensbyxor f\u00f6r barn mot dagv\u00e4tning \u00e4r snygga och tv\u00e4ttbara och har utvecklats f\u00f6r att hj\u00e4lpa skolbarn att l\u00e4gga energi p\u00e5 utbildning och aktiviteter och inte p\u00e5 hur de ska undvika att bli retade och f\u00f6rl\u00f6jligade p\u00e5 grund av synligt v\u00e5ta byxor. Inkontinensbyxor f\u00f6r barn kan absorbera urin, de \u00e4r snygga, prydliga och precis som alla andra byxor, och de \u00e4r en av de mest effektiva inkontinensprodukter som finns. De kan d\u00e4rf\u00f6r vara till stor hj\u00e4lp f\u00f6r att \u00f6ka ditt barns livskvalitet medan du funderar p\u00e5 hur du ska l\u00f6sa problemet. Dessa byxor \u00e4r s\u00e4rskilt anpassade f\u00f6r l\u00e4tt urininkontinens. L\u00e4s mer om barn och inkontinens h\u00e4r. Byxorna \u00e4r inte l\u00e4mpliga f\u00f6r fekal inkontinens (tarm). Inkontinensbyxorna \u00e4r designade i Danmark och tillverkade i Polen.<br \/>\nAbsorberingsf\u00f6rm\u00e5ga<br \/>\nMed en imponerande absorberingsf\u00f6rm\u00e5ga p\u00e5 cirka 75-80 ml, beroende p\u00e5 modell (80 ml f\u00f6r pojkar, 75 ml f\u00f6r flickor), \u00e4r dessa inkontinensbyxor utformade f\u00f6r att hantera en eller tv\u00e5 sm\u00e5 olyckor med l\u00e4tthet. Vi har f\u00f6rs\u00f6kt att ge underkl\u00e4derna s\u00e5 h\u00f6g absorptionsf\u00f6rm\u00e5ga som m\u00f6jligt utan att de ser stora ut och liknar bl\u00f6jor. Inkontinensbyxorna (inkontinensskydden) \u00e4r tillverkade av en viss textil som g\u00f6r att urinen stannar kvar i byxorna och d\u00e4rmed s\u00e4llan syns.        <\/p>\n<p>Passform <b>och design<\/b><br \/>\nKalsongerna har en perfekt passform och vi har provat dem p\u00e5 v\u00e5ra egna barn under utvecklingsprocessen. Designen \u00e4r nutida och modern och ser ut som de kalsonger ditt barn normalt skulle ha p\u00e5 sig. Vi har valt f\u00e4rger som i v\u00e5tt och torrt tillst\u00e5nd \u00e4r n\u00e4stan likadana. Vi har t.ex. inga r\u00f6da inkontinensunderbyxor i v\u00e5r kollektion eftersom det syns tydligt om ett r\u00f6tt plagg blir bl\u00f6tt. Det finns inte heller n\u00e5gra enf\u00e4rgade underbyxor i kollektionen. Byxorna \u00e4r gjorda f\u00f6r l\u00e4tt inkontinens, de \u00e4r inte st\u00f6rre \u00e4n vanliga byxor och din dotter eller son beh\u00f6ver inte oroa sig f\u00f6r att v\u00e4nner ska komma med elaka kommentarer om att de b\u00e4r bl\u00f6ja etc! V\u00e5rt urval av inkontinensprodukter garanterar dessutom ett brett utbud av alternativ f\u00f6r olika behov. F\u00f6r det \u00e4r de inte! De har bara lite osynlig hj\u00e4lp! Inkontinensunderkl\u00e4derna f\u00f6r barn tillverkas i 7 storlekar f\u00f6r pojkar och 6 storlekar f\u00f6r flickor i \u00e5ldern 5 &#8211; 16 \u00e5r. Storleksguiden hj\u00e4lper dig att v\u00e4lja r\u00e4tt storlek.          <\/p>\n<p><b>Val av storlek &#8211; inkontinensunderbyxor<\/b><br \/>\nVi har en v\u00e4gledande storleksguide som du kan se p\u00e5 produktsidorna f\u00f6r inkontinensunderbyxor f\u00f6r barn.<br \/>\nDet b\u00e4sta s\u00e4ttet att hitta r\u00e4tt storlek \u00e4r att m\u00e4ta ett par befintliga underbyxor vid res\u00e5ren. Du kan l\u00e4gga byxorna p\u00e5 ett bord och m\u00e4ta fr\u00e5n ena sidan till den andra och sedan multiplicera med 2. D\u00e5 f\u00e5r du omkretsen p\u00e5 det elastiska bandet. Anv\u00e4nd det tillsammans med barnets l\u00e4ngd och \u00e5lder.<br \/>\nT.ex. storlek 7-8 \u00e5r (122-128 cm) har en omkrets p\u00e5 res\u00e5rbandet p\u00e5 50 cm f\u00f6r flickor och 51 cm f\u00f6r pojkar.<br \/>\nInkontinensprodukternas res\u00e5rband krymper ca 0,5 cm.   <\/p>\n<p><b>Material<\/b><br \/>\nDe tv\u00e4ttbara och \u00e5teranv\u00e4ndbara inkontinensbyxorna f\u00f6r barn \u00e4r tillverkade av 92% bomull och 8% elastan. Den absorberande delen \u00e4r tillverkad av 100% bomull. De inneh\u00e5ller inga skadliga \u00e4mnen och \u00e4r certifierade enligt Oeko-Tex 100 Standard Class 1. Det absorberande lagret \u00e4r antibakteriellt och andas.<br \/>\nTv\u00e4ttr\u00e5d<br \/>\nF\u00f6r underh\u00e5ll \u00e4r kalsongerna utformade f\u00f6r att t\u00e5la maskintv\u00e4tt i 60 grader Celsius, med en maximal krympning p\u00e5 5%. F\u00f6r att bevara de livfulla f\u00e4rgerna och formen rekommenderas ett neutralt tv\u00e4ttmedel, och \u00e4ven om torktumling \u00e4r ett alternativ kommer lufttorkning att f\u00f6rl\u00e4nga plaggets livsl\u00e4ngd.    <\/p>\n","protected":false},"excerpt":{"rendered":"<h3>Inkontinensunderkl\u00e4der Flickor Stary Night<\/h3>\n<p>Kan absorbera cirka 75 ml (en liten olycka eller 2)<br \/>\nHar ett insytt absorptionslager<br \/>\nSer ut som vanliga underbyxor<br \/>\nF\u00f6r anv\u00e4ndning under dagtid<\/p>\n<p>De tv\u00e4ttbara inkontinenskalsongerna f\u00f6r dagv\u00e4tning kan tv\u00e4ttas flera g\u00e5nger i 60 grader Celsius. De kan torktumlas, men beh\u00e5ller formen l\u00e4ngre om de inte torktumlas. Kalsongerna f\u00f6r dagv\u00e4tning \u00e4r tillverkade av 92% bomull och 8% elastan. Den absorberande delen av kalsongerna \u00e4r tillverkad av 100 % bomull. Det absorberande lagret \u00e4r antibakteriellt och andas. Kalsongerna f\u00f6r dagv\u00e4tning inneh\u00e5ller inga skadliga \u00e4mnen och \u00e4r certifierade enligt Oeko-Tex 100 Standard Class 1.     <\/p>\n<p>Vi har designat v\u00e5ra underkl\u00e4der i m\u00f6nster och f\u00e4rger som g\u00f6r att v\u00e5ta fl\u00e4ckar syns mindre \u00e4n till exempel ett helt r\u00f6tt eller turkost tyg. Vi arbetar st\u00e4ndigt med att f\u00f6rb\u00e4ttra passformen och h\u00e5llbarheten p\u00e5 v\u00e5ra underkl\u00e4der och \u00e4r mycket lyh\u00f6rda f\u00f6r v\u00e5ra kunders feedback. <\/p>\n<p>De tv\u00e4ttbara inkontinenskalsongerna \u00e4r l\u00e4mpliga f\u00f6r l\u00e4tt daginkontinens och ser till att mindre olyckor inte syns f\u00f6r andra samtidigt som de ser ut precis som vanliga underkl\u00e4der. De \u00e4r utformade f\u00f6r att absorbera s\u00e5 mycket som m\u00f6jligt utan att se klumpiga eller bl\u00f6jliknande ut. De h\u00e4r kalsongerna har inget vattent\u00e4tt membran som bl\u00f6jor, men de andas och prasslar inte. De \u00e4r inte l\u00e4mpliga f\u00f6r fekal inkontinens.   <\/p>\n<p>Om ett barn \u00e4r sj\u00e4lvmedvetet och generat \u00f6ver sina olyckor kan dessa underkl\u00e4der lindra deras oro.<\/p>\n","protected":false},"featured_media":8589,"template":"","meta":{"_et_pb_use_builder":"","_et_pb_old_content":"","_et_gb_content_width":"","inline_featured_image":false},"product_brand":[],"product_cat":[126],"product_tag":[],"class_list":{"0":"post-9916","1":"product","2":"type-product","3":"status-publish","4":"has-post-thumbnail","6":"product_cat-inkontinensunderbyxor-flickor","7":"product_shipping_class-eu-sv","9":"first","10":"instock","11":"taxable","12":"shipping-taxable","13":"purchasable","14":"product-type-variable","15":"has-default-attributes"},"composite_virtual":false,"composite_layout":"","composite_add_to_cart_form_location":"","composite_editable_in_cart":false,"composite_sold_individually_context":"","composite_shop_price_calc":"","composite_components":[],"composite_scenarios":[],"_links":{"self":[{"href":"https:\/\/dryguardians.eu\/sv\/wp-json\/wp\/v2\/product\/9916","targetHints":{"allow":["GET"]}}],"collection":[{"href":"https:\/\/dryguardians.eu\/sv\/wp-json\/wp\/v2\/product"}],"about":[{"href":"https:\/\/dryguardians.eu\/sv\/wp-json\/wp\/v2\/types\/product"}],"wp:featuredmedia":[{"embeddable":true,"href":"https:\/\/dryguardians.eu\/sv\/wp-json\/wp\/v2\/media\/8589"}],"wp:attachment":[{"href":"https:\/\/dryguardians.eu\/sv\/wp-json\/wp\/v2\/media?parent=9916"}],"wp:term":[{"taxonomy":"product_brand","embeddable":true,"href":"https:\/\/dryguardians.eu\/sv\/wp-json\/wp\/v2\/product_brand?post=9916"},{"taxonomy":"product_cat","embeddable":true,"href":"https:\/\/dryguardians.eu\/sv\/wp-json\/wp\/v2\/product_cat?post=9916"},{"taxonomy":"product_tag","embeddable":true,"href":"https:\/\/dryguardians.eu\/sv\/wp-json\/wp\/v2\/product_tag?post=9916"}],"curies":[{"name":"wp","href":"https:\/\/api.w.org\/{rel}","templated":true}]}}