{"id":9904,"date":"2025-01-31T13:15:46","date_gmt":"2025-01-31T12:15:46","guid":{"rendered":"https:\/\/dryguardians.eu\/?post_type=product&#038;p=9904"},"modified":"2025-03-21T11:51:23","modified_gmt":"2025-03-21T10:51:23","slug":"dryguardians-for-man","status":"publish","type":"product","link":"https:\/\/dryguardians.eu\/sv\/produkt\/dryguardians-for-man\/","title":{"rendered":"DryGuardians F\u00f6r M\u00e4n"},"content":{"rendered":"<h3>DryGuardians for Men &#8211; Effektiv larmbehandling mot s\u00e4ngv\u00e4tning hos vuxna<\/h3>\n<p>DryGuardians for Men \u00e4r den perfekta l\u00f6sningen f\u00f6r m\u00e4n som lider av s\u00e4ngv\u00e4tning (nocturnal enuresis). I kombination med v\u00e5r DryGuardians-app f\u00e5r du en effektiv och bekv\u00e4m behandling mot s\u00e4ngv\u00e4tning. Dessa underkl\u00e4der f\u00f6r vuxna har inbyggda sensortr\u00e5dar som snabbt k\u00e4nner av fukt och aktiverar s\u00e4ngv\u00e4tningslarmet f\u00f6r att hj\u00e4lpa anv\u00e4ndaren att vakna och avbryta urineringen. DryGuardians behandlingstj\u00e4nst analyserar s\u00e4ngv\u00e4tning och ger personliga tips, r\u00e5d och f\u00f6ruts\u00e4gelser l\u00e4ngs v\u00e4gen.   <\/p>\n<p>Ladda ner DryGuardians-appen fr\u00e5n <a href=\"https:\/\/play.google.com\/store\/apps\/details?id=com.pjama&amp;gl=sv&amp;hl=sv\" target=\"_blank\" rel=\"noopener\">Google Play<\/a> eller <a href=\"https:\/\/apps.apple.com\/sv\/app\/pjama\/id1498084664?mt=8&amp;l=sv\" target=\"_blank\" rel=\"noopener\">App Store<\/a> f\u00f6r att f\u00f6lja utvecklingen och f\u00e5 personlig v\u00e4gledning under hela behandlingen av nattlig enures hos vuxna.<\/p>\n<h4>Funktioner<\/h4>\n<p>S\u00e4ngv\u00e4tningslarmet \u00e4r utformat f\u00f6r att hj\u00e4lpa b\u00e5de barn och vuxna med s\u00e4ngv\u00e4tning och fungerar som en f\u00f6rsta linjens behandling av enures hos vuxna. Sensorn som sitter p\u00e5 pyjamaskl\u00e4derna \u00e4r ansluten till en larmenhet som aktiveras vid kontakt med fukt. Denna larmbehandling mot enures fungerar genom att omedelbart avbryta s\u00e4ngv\u00e4tningen och tr\u00e4na hj\u00e4rnan att reagera p\u00e5 kroppens signaler.  <\/p>\n<p>DryGuardians for Men \u00e4r s\u00e4rskilt utformade f\u00f6r m\u00e4ns anatomi och omr\u00e5det d\u00e4r de kissar. Kalsongerna \u00e4r f\u00f6rsedda med tv\u00e5 sm\u00e5 knappar i midjan, d\u00e4r du enkelt kan f\u00e4sta sensorn f\u00f6r s\u00e4ngv\u00e4tningslarmet. De inbyggda sensortr\u00e5darna runt grenen s\u00e4kerst\u00e4ller att larmsystemet enkelt kan uppt\u00e4cka fukt och snabbt aktivera ett s\u00e4ngv\u00e4tningslarm, vilket ger en effektiv och s\u00e4ker behandling av nattlig enures.  <\/p>\n<p>De inbyggda sensortr\u00e5darna i DryGuardians for Men \u00f6kar detekteringsomr\u00e5det, vilket g\u00f6r detekteringen mer tillf\u00f6rlitlig. I praktiken inneb\u00e4r det att oavsett var urinen landar eller anv\u00e4ndarens sovposition kommer larmet att uppt\u00e4cka s\u00e4ngv\u00e4tning p\u00e5 ett tillf\u00f6rlitligt s\u00e4tt. F\u00f6r m\u00e4n kan detta vara s\u00e4rskilt v\u00e4rdefullt eftersom det omr\u00e5de d\u00e4r urinen f\u00f6rst kommer i kontakt med kroppen kan variera. F\u00f6r vuxna som upplever s\u00e4ngv\u00e4tning och har olika sovst\u00e4llningar ger detta behandlingskit ett s\u00e4kert s\u00e4ngv\u00e4tningslarm.   <\/p>\n<h4>Anv\u00e4ndning<\/h4>\n<p>Att b\u00e4ra Boxer-behandlingskalsongerna \u00e4r lika bekv\u00e4mt som att b\u00e4ra vanliga kalsonger, vilket g\u00f6r dem idealiska f\u00f6r m\u00e4n som lider av s\u00e4ngv\u00e4tning. DryGuardians for Men with nocturnal enuresis absorberar inte fukt. Behandlingen fokuserar p\u00e5 att bryta vanan att kissa i s\u00e4ngen. Om du \u00e4ven vill ha skydd f\u00f6r s\u00e4ngen kan DryGuardians for Men behandlingskit anv\u00e4ndas under Pjama <a href=\"https:\/\/pjama.se\/produkter\/pjama-sangvatningsshorts-for-vuxna\/\" target=\"_blank\" rel=\"noopener\">absorberande underkl\u00e4der<\/a> f\u00f6r s\u00e4ngv\u00e4tning.   <\/p>\n<p>Paketet inneh\u00e5ller:<\/p>\n<ul>\n<li>2 x Boxer-behandlingskalsonger<\/li>\n<li>1 x s\u00e4ngv\u00e4tningslarm (sensor och ljudenhet)<\/li>\n<\/ul>\n<p>F\u00e4st enkelt sensorn framtill i midjan p\u00e5 Boxer-behandlingskalsongerna och starta s\u00e4ngv\u00e4tningslarmet, s\u00e5 \u00e4r du redo att p\u00e5b\u00f6rja behandlingen! Placera s\u00e4ngv\u00e4tningslarmet bredvid s\u00e4ngen.<br \/>\nOm anv\u00e4ndaren kissar i s\u00e4ngen kommer de k\u00e4nsliga inbyggda sensortr\u00e5darna i behandlingsunderkl\u00e4derna snabbt att aktivera larmet. Larmet kan enkelt stoppas genom att trycka p\u00e5 &#8221;ON\/OFF&#8221;-knappen p\u00e5 larmenheten och sedan g\u00e5 till badrummet f\u00f6r att kissa.  <\/p>\n<p>F\u00f6r att anv\u00e4nda s\u00e4ngv\u00e4tningslarmet med din smartphone och f\u00e5 tillg\u00e5ng till behandlingstj\u00e4nsten, ladda ner DryGuardians-appen. Larmet ansluter automatiskt till DryGuardians-appen n\u00e4r den \u00e4r \u00f6ppen p\u00e5 din telefon. <\/p>\n<h4>Egenskaper och f\u00f6rdelar med DryGuardians for Men<\/h4>\n<ul>\n<li><strong>Effektiv behandling:<\/strong> Hj\u00e4lper mot nattlig enures hos b\u00e5de vuxna och barn.<\/li>\n<li><strong>Perfekt f\u00f6r utekv\u00e4llar:<\/strong> Anv\u00e4nd din smartphone och DryGuardians-appen f\u00f6r diskret behandling.<\/li>\n<li><strong>Laddning via USB:<\/strong> Larmenheten laddas enkelt med en USB-laddare.<\/li>\n<li><strong>Tr\u00e5dl\u00f6st system:<\/strong> Larmenheten kan placeras upp till 10 meter fr\u00e5n sensorn.<\/li>\n<li><strong>Notifieringar till din telefon:<\/strong> Koppla s\u00e4ngv\u00e4tningslarmet till din mobiltelefon f\u00f6r att f\u00e5 meddelanden vid l\u00e4ckage.<\/li>\n<li><strong>S\u00e4ker detektering:<\/strong> Stort detekteringsomr\u00e5de anpassat f\u00f6r urinfl\u00f6det.<\/li>\n<li><strong>Bekv\u00e4ma och mjuka:<\/strong> Tillverkad av h\u00f6gkvalitativa, Oeko-Tex-certifierade tyger som \u00e4r s\u00e4kra och skonsamma mot huden.<\/li>\n<li><strong>Slitstark:<\/strong> Tv\u00e4ttbar i 60\u00b0C och kan torktumlas.<\/li>\n<\/ul>\n<p><span style=\"color: #666666; font-size: 14px;\">Kom ih\u00e5g att ta bort sensorn fr\u00e5n plagget n\u00e4r den inte anv\u00e4nds och f\u00f6re tv\u00e4tt.<\/span><\/p>\n<h4>DryGuardians App och s\u00e4ngv\u00e4tningsklinik<\/h4>\n<p>Med DryGuardians-appen kan du enkelt f\u00f6lja hur behandlingen av s\u00e4ngv\u00e4tning hos m\u00e4n och nattlig enures hos vuxna fortskrider. DryGuardians ger f\u00f6ruts\u00e4gelser och rekommendationer som utvecklats i samarbete med svensk sjukv\u00e5rd, skr\u00e4ddarsydda efter hur din behandling fortskrider och s\u00e4kerst\u00e4ller att den \u00e4r optimerad f\u00f6r din specifika situation och framsteg. Logga alla olyckor och se trender \u00f6ver tid, vilket kan hj\u00e4lpa dig att h\u00e5lla motivationen uppe. Den insamlade informationen \u00e4r ocks\u00e5 v\u00e4rdefull att dela med l\u00e4kare om ytterligare r\u00e5d beh\u00f6vs.   <\/p>\n<ul>\n<li>Anv\u00e4nd appen som ljudenhet f\u00f6r ditt s\u00e4ngv\u00e4tningslarm och v\u00e4lj mellan olika larmsignaler.<\/li>\n<li>Registrera kv\u00e4llens resultat i kalendern f\u00f6r att f\u00f6lja framstegen och f\u00e5 personliga tips.<\/li>\n<li>F\u00e5 personlig r\u00e5dgivning och st\u00f6d under behandlingen av enures.<\/li>\n<li>St\u00e4ll in dagslarm f\u00f6r att p\u00e5minna dig om att g\u00e5 p\u00e5 toaletten under dagen.<\/li>\n<\/ul>\n<p>Appen DryGuardians \u00e4r gratis att ladda ner fr\u00e5n <a href=\"https:\/\/play.google.com\/store\/apps\/details?id=com.pjama&amp;gl=sv&amp;hl=sv\" target=\"_blank\" rel=\"noopener\">Google Play<\/a> eller <a href=\"https:\/\/apps.apple.com\/sv\/app\/pjama\/id1498084664?mt=8&amp;l=sv\" target=\"_blank\" rel=\"noopener\">App Store<\/a>. L\u00e4s mer om v\u00e5r s\u00e4ngv\u00e4tningsklinik och hur vi kan hj\u00e4lpa dig p\u00e5 v\u00e5r <a href=\"https:\/\/pjama.se\/\" target=\"_blank\" rel=\"noopener\">webbplats<\/a>. <\/p>\n<h4>Behandlingsprocessen &#8211; motivation och t\u00e5lamod \u00e4r nyckeln<\/h4>\n<p>Behandling av nattlig enures kr\u00e4ver motivation och t\u00e5lamod, s\u00e4rskilt under de f\u00f6rsta veckorna. F\u00f6r b\u00e5de barn och vuxna \u00e4r det viktigt att s\u00e4tta upp realistiska m\u00e5l och fira framstegen. Kom ih\u00e5g att en torr s\u00e4ng utan hj\u00e4lpmedel \u00e4r det ultimata m\u00e5let, och v\u00e4gen dit kan underl\u00e4ttas med hj\u00e4lp av verktyg som DryGuardians for Men.  <\/p>\n<p>Som anv\u00e4ndare kan du h\u00e5lla dig motiverad genom att ge dig sj\u00e4lv positiv feedback och fira dina framsteg. Med hj\u00e4lp av <em>DryGuardians App<\/em> kan du f\u00e5 tips och r\u00e5d som \u00e4r anpassade till hur din behandling fortskrider. Det h\u00e4r \u00e4r en s\u00e4ker och effektiv v\u00e4g till ett b\u00e4ttre vardagsliv f\u00f6r b\u00e5de vuxna och barn som lider av enures.  <\/p>\n<p>\u00a9 2024 Pjama.<\/p>\n","protected":false},"excerpt":{"rendered":"<h3>DryGuardians f\u00f6r m\u00e4n<\/h3>\n<p>DryGuardians for Men \u00e4r en komplett tj\u00e4nst som m\u00f6jligg\u00f6r effektiv och s\u00e4ker behandling av enures (s\u00e4ngv\u00e4tning) hos vuxna.<\/p>\n<ul>\n<li>Inneh\u00e5ller 2 x Pjama Boxer och 1 x s\u00e4ngv\u00e4tningslarm (sensor och ljudenhet)<\/li>\n<li>Stort detektionsomr\u00e5de f\u00f6r s\u00e4ker och snabb respons vid s\u00e4ngv\u00e4tning.<\/li>\n<li>Lika mjuka och bekv\u00e4ma som vanliga underkl\u00e4der.<\/li>\n<li>Tv\u00e4ttas i maskin i 60\u00b0C och kan torktumlas.<\/li>\n<\/ul>\n<p>Ladda ner DryGuardians-appen, en kostnadsfri tj\u00e4nst f\u00f6r behandling av s\u00e4ngv\u00e4tning, fr\u00e5n <a href=\"https:\/\/play.google.com\/store\/apps\/details?id=com.pjama&amp;gl=sv&amp;hl=sv\">Google Play<\/a> eller <a href=\"https:\/\/apps.apple.com\/sv\/app\/pjama\/id1498084664?mt=8&amp;l=sv\">App Store<\/a>.<\/p>\n","protected":false},"featured_media":8019,"template":"","meta":{"_et_pb_use_builder":"","_et_pb_old_content":"","_et_gb_content_width":"","inline_featured_image":false},"product_brand":[],"product_cat":[119],"product_tag":[],"class_list":{"0":"post-9904","1":"product","2":"type-product","3":"status-publish","4":"has-post-thumbnail","6":"product_cat-sangvatningslarm","7":"product_shipping_class-eu-sv","9":"first","10":"instock","11":"taxable","12":"shipping-taxable","13":"product-type-simple"},"composite_virtual":false,"composite_layout":"","composite_add_to_cart_form_location":"","composite_editable_in_cart":false,"composite_sold_individually_context":"","composite_shop_price_calc":"","composite_components":[],"composite_scenarios":[],"_links":{"self":[{"href":"https:\/\/dryguardians.eu\/sv\/wp-json\/wp\/v2\/product\/9904","targetHints":{"allow":["GET"]}}],"collection":[{"href":"https:\/\/dryguardians.eu\/sv\/wp-json\/wp\/v2\/product"}],"about":[{"href":"https:\/\/dryguardians.eu\/sv\/wp-json\/wp\/v2\/types\/product"}],"wp:featuredmedia":[{"embeddable":true,"href":"https:\/\/dryguardians.eu\/sv\/wp-json\/wp\/v2\/media\/8019"}],"wp:attachment":[{"href":"https:\/\/dryguardians.eu\/sv\/wp-json\/wp\/v2\/media?parent=9904"}],"wp:term":[{"taxonomy":"product_brand","embeddable":true,"href":"https:\/\/dryguardians.eu\/sv\/wp-json\/wp\/v2\/product_brand?post=9904"},{"taxonomy":"product_cat","embeddable":true,"href":"https:\/\/dryguardians.eu\/sv\/wp-json\/wp\/v2\/product_cat?post=9904"},{"taxonomy":"product_tag","embeddable":true,"href":"https:\/\/dryguardians.eu\/sv\/wp-json\/wp\/v2\/product_tag?post=9904"}],"curies":[{"name":"wp","href":"https:\/\/api.w.org\/{rel}","templated":true}]}}