{"id":23093,"date":"2026-02-05T09:49:38","date_gmt":"2026-02-05T08:49:38","guid":{"rendered":"https:\/\/dryguardians.eu\/?post_type=product&#038;p=23093"},"modified":"2026-02-05T09:58:08","modified_gmt":"2026-02-05T08:58:08","slug":"pjamasensor-copy","status":"publish","type":"product","link":"https:\/\/dryguardians.eu\/sv\/produkt\/pjamasensor-copy\/","title":{"rendered":"Pjamasensor (Copy)"},"content":{"rendered":"<h3>Pjamasensor<\/h3>\n<h4>Behandling med sensor och app<\/h4>\n<p>S\u00e4ngv\u00e4tningslarm \u00e4r ett effektivt verktyg f\u00f6r att behandla s\u00e4ngv\u00e4tning och nattlig enures, b\u00e5de f\u00f6r barn och vuxna. Forskning visar att cirka 70% av de personer som genomg\u00e5r behandling mot s\u00e4ngv\u00e4tning med ett larm blir helt botade, f\u00f6rutsatt att det finns motivation att f\u00f6lja behandlingen varje natt under hela behandlingsperioden. <\/p>\n<p>Pjama s\u00e4ngv\u00e4tningslarm fungerar med alla Pjama-behandlingsplagg, inklusive byxor, shorts och underkl\u00e4der (Obs: Dessa s\u00e4ljs separat).<\/p>\n<p>Larmet best\u00e5r av en sensor som f\u00e4sts p\u00e5 Pjama byxor eller underkl\u00e4der och anv\u00e4nds tillsammans med en smartphone (med DryGuardians-appen \u00f6ppen) som placeras vid s\u00e4ngen. N\u00e4r sensorn k\u00e4nner av fukt utl\u00f6ses s\u00e4ngv\u00e4tningslarmet i telefonen f\u00f6r att v\u00e4cka den person som genomg\u00e5r behandling. Konsekvent anv\u00e4ndning under behandlingsperioden hj\u00e4lper till att bryta vanan att kissa i s\u00e4ngen, \u00e4ven kallat nattlig enures.  <\/p>\n<p>Med <a href=\"https:\/\/pjama.se\/produkter\/dryguardians-for-frekventa-sangvatare-shorts\/\" target=\"_blank\" rel=\"noopener\">behandlingskitet<\/a> Pjama som inneh\u00e5ller de gr\u00e5 behandlingsbyxorna eller shortsen f\u00e5r du b\u00e5de skydd och behandling i ett. Pjama byxorna eller shortsen h\u00e5ller s\u00e4ngen torr medan s\u00e4ngv\u00e4tningslarmet hj\u00e4lper till att etablera nya rutiner. F\u00f6r \u00f6vernattning kan du anv\u00e4nda DryGuardians-appen p\u00e5 din mobil f\u00f6r att f\u00e5 diskreta vibrationer ist\u00e4llet f\u00f6r en larmsignal. Detta \u00e4r perfekt f\u00f6r barn med enures som vill kunna \u00f6vernatta utan att beh\u00f6va avbryta sin behandling.   <\/p>\n<h4>Hur fungerar Pjama s\u00e4ngv\u00e4tningssensor?<\/h4>\n<p>Sensorn och din smartphone fungerar som ett komplett larmsystem f\u00f6r s\u00e4ngv\u00e4tning och \u00e4r utformat f\u00f6r att hj\u00e4lpa b\u00e5de barn och vuxna med s\u00e4ngv\u00e4tning och fungerar som f\u00f6rsta linjens behandling av enures. Sensorn, som f\u00e4sts p\u00e5 Pjama-plaggen, \u00e4r ansluten till DryGuardians-appen och aktiveras vid kontakt med fukt. Denna behandling mot s\u00e4ngv\u00e4tning fungerar genom att omedelbart avbryta s\u00e4ngv\u00e4tningen och tr\u00e4na hj\u00e4rnan att reagera p\u00e5 kroppens signaler.  <\/p>\n<p>Behandlingsplaggen har insydda sensortr\u00e5dar, vilket \u00f6kar ytan f\u00f6r s\u00e4ngv\u00e4tningssensorn. I praktiken inneb\u00e4r detta att oavsett var urinen hamnar eller vilken sovst\u00e4llning du eller ditt barn har, kommer Pjama-sensorn att uppt\u00e4cka s\u00e4ngv\u00e4tning p\u00e5 ett tillf\u00f6rlitligt s\u00e4tt. Detta \u00e4r s\u00e4rskilt v\u00e4rdefullt f\u00f6r pojkar, eftersom omr\u00e5det d\u00e4r urinen f\u00f6rst landar ofta varierar. Detsamma g\u00e4ller f\u00f6r flickor, s\u00e4rskilt de som sover p\u00e5 rygg.   <\/p>\n<h4>Funktioner och f\u00f6rdelar med Pjama s\u00e4ngv\u00e4tningssensor<\/h4>\n<ul>\n<li><strong>Effektiv behandling:<\/strong> Hj\u00e4lper mot nattlig enures hos b\u00e5de barn och vuxna.<\/li>\n<li><strong>Utformad f\u00f6r \u00f6vernattning:<\/strong> Anv\u00e4nd sensorn och DryGuardians-appen f\u00f6r diskret behandling.<\/li>\n<li><strong>Tr\u00e5dl\u00f6st system:<\/strong> Telefonen kan placeras 5-20 meter fr\u00e5n sensorn, beroende p\u00e5 telefonmodell.<\/li>\n<li><strong>Meddelanden till f\u00f6r\u00e4ldrar:<\/strong> Koppla s\u00e4ngv\u00e4tningslarmet till en f\u00f6r\u00e4lders mobiltelefon f\u00f6r att f\u00e5 meddelanden om l\u00e4ckage.<\/li>\n<li><strong>Stort detekteringsomr\u00e5de:<\/strong> Uppt\u00e4cker snabbt urin oavsett sovposition.<\/li>\n<\/ul>\n<h4>F\u00f6lj upp framsteg med DryGuardians-appen<\/h4>\n<p>Med DryGuardians-appen kan du enkelt f\u00f6lja hur behandlingen av s\u00e4ngv\u00e4tning och nattlig enures fortskrider. DryGuardians ger f\u00f6ruts\u00e4gelser och rekommendationer som utvecklats i samarbete med svensk sjukv\u00e5rd, skr\u00e4ddarsydda efter din behandlings framsteg, vilket s\u00e4kerst\u00e4ller att den \u00e4r optimerad f\u00f6r dina unika omst\u00e4ndigheter. Logga alla olyckor och f\u00f6lj trender \u00f6ver tid, vilket hj\u00e4lper dig eller ditt barn att h\u00e5lla motivationen uppe. De insamlade uppgifterna \u00e4r ocks\u00e5 v\u00e4rdefulla att dela med en l\u00e4kare om ytterligare r\u00e5d beh\u00f6vs.   <\/p>\n<h4>Praktiska tips f\u00f6r anv\u00e4ndning av s\u00e4ngv\u00e4tningssensorn<\/h4>\n<ul>\n<li>Se till att kl\u00e4derna sitter ordentligt och v\u00e4lj ett larm i appen som passar dina behov.<\/li>\n<li>L\u00e4r ditt barn hur s\u00e4ngv\u00e4tningslarmet fungerar och g\u00f6r det delaktigt i processen.<\/li>\n<li>V\u00e4ck barnet n\u00e4r larmet ljuder och hj\u00e4lp det att g\u00e5 p\u00e5 toaletten.<\/li>\n<li>Tv\u00e4tta Pjama-plagg enligt anvisningarna f\u00f6r att bibeh\u00e5lla deras kvalitet.<\/li>\n<\/ul>\n<h4>Motivation och t\u00e5lamod \u00e4r nyckeln<\/h4>\n<p>Att behandla s\u00e4ngv\u00e4tning och nattlig enures \u00e4r en process som kr\u00e4ver b\u00e5de motivation och t\u00e5lamod, oavsett om du \u00e4r vuxen eller barn. F\u00f6r\u00e4ldrar b\u00f6r uppmuntra sina barn och ge positiv feedback f\u00f6r varje framsteg. Att s\u00e4tta upp mindre m\u00e5l l\u00e4ngs v\u00e4gen kan hj\u00e4lpa till att h\u00e5lla motivationen uppe, med det slutliga m\u00e5let att bli fri fr\u00e5n s\u00e4ngv\u00e4tning.  <\/p>\n<p>F\u00f6r mer information om s\u00e4ngv\u00e4tningslarm och enuresl\u00f6sningar f\u00f6r b\u00e5de barn och vuxna, l\u00e4s mer p\u00e5 v\u00e5r <a href=\"https:\/\/pjama.se\" target=\"_blank\" rel=\"noopener\">webbplats<\/a> eller ladda ner manualen <a href=\"https:\/\/pjama.se\/produkt-manualer\/\" target=\"_blank\" rel=\"noopener\">h\u00e4r.<\/a><\/p>\n<footer>\u00a9 2024 Pjama.<\/footer>\n<p>&nbsp;<\/p>\n","protected":false},"excerpt":{"rendered":"<h3>Pjamasensor<\/h3>\n<p>Pjama Sensor inkluderar:<\/p>\n<ul>\n<li>Sensor som f\u00e4sts med tryckknappar<\/li>\n<li>DryGuardians App som larmenhet<\/li>\n<\/ul>\n<p>Sensorn f\u00e4sts p\u00e5 Pjama byxor, shorts, boxershorts eller kalsonger och \u00e4r ett enkelt, effektivt och s\u00e4kert s\u00e4tt att behandla s\u00e4ngv\u00e4tning och enures.<\/p>\n<p>Om du vill anv\u00e4nda enureslarmet med din smartphone kan du ladda ner DryGuardians-appen gratis fr\u00e5n <a href=\"https:\/\/play.google.com\/store\/apps\/details?id=com.pjama\">Google Play<\/a> eller <a href=\"https:\/\/apps.apple.com\/se\/app\/pjama\/id1498084664\">App Store<\/a>.<\/p>\n","protected":false},"featured_media":23105,"template":"","meta":{"_et_pb_use_builder":"","_et_pb_old_content":"","_et_gb_content_width":"","inline_featured_image":false},"product_brand":[],"product_cat":[120],"product_tag":[],"class_list":{"0":"post-23093","1":"product","2":"type-product","3":"status-publish","4":"has-post-thumbnail","6":"product_cat-sangvatningslarm-tillbehor","7":"product_shipping_class-eu-sv","9":"first","10":"outofstock","11":"taxable","12":"shipping-taxable","13":"purchasable","14":"product-type-simple"},"composite_virtual":false,"composite_layout":"","composite_add_to_cart_form_location":"","composite_editable_in_cart":false,"composite_sold_individually_context":"","composite_shop_price_calc":"","composite_components":[],"composite_scenarios":[],"_links":{"self":[{"href":"https:\/\/dryguardians.eu\/sv\/wp-json\/wp\/v2\/product\/23093","targetHints":{"allow":["GET"]}}],"collection":[{"href":"https:\/\/dryguardians.eu\/sv\/wp-json\/wp\/v2\/product"}],"about":[{"href":"https:\/\/dryguardians.eu\/sv\/wp-json\/wp\/v2\/types\/product"}],"wp:featuredmedia":[{"embeddable":true,"href":"https:\/\/dryguardians.eu\/sv\/wp-json\/wp\/v2\/media\/23105"}],"wp:attachment":[{"href":"https:\/\/dryguardians.eu\/sv\/wp-json\/wp\/v2\/media?parent=23093"}],"wp:term":[{"taxonomy":"product_brand","embeddable":true,"href":"https:\/\/dryguardians.eu\/sv\/wp-json\/wp\/v2\/product_brand?post=23093"},{"taxonomy":"product_cat","embeddable":true,"href":"https:\/\/dryguardians.eu\/sv\/wp-json\/wp\/v2\/product_cat?post=23093"},{"taxonomy":"product_tag","embeddable":true,"href":"https:\/\/dryguardians.eu\/sv\/wp-json\/wp\/v2\/product_tag?post=23093"}],"curies":[{"name":"wp","href":"https:\/\/api.w.org\/{rel}","templated":true}]}}