{"id":18402,"date":"2020-03-21T12:57:29","date_gmt":"2020-03-21T11:57:29","guid":{"rendered":"https:\/\/dryguardians.eu\/product\/vattentat-pyjamasvaska\/"},"modified":"2025-03-13T13:14:04","modified_gmt":"2025-03-13T12:14:04","slug":"vattentat-pyjamasvaska","status":"publish","type":"product","link":"https:\/\/dryguardians.eu\/sv\/produkt\/vattentat-pyjamasvaska\/","title":{"rendered":"Vattent\u00e4t Pjama v\u00e4ska"},"content":{"rendered":"<h4>Vattent\u00e4t Pjama p\u00e5se f\u00f6r byxor och shorts som kissar i s\u00e4ngen<\/h4>\n<p>Pjama v\u00e4skan \u00e4r diskret och 100% vattent\u00e4t. P\u00e5 s\u00e5 s\u00e4tt kan du ta med dig v\u00e4skan vart du \u00e4n g\u00e5r utan att oroa dig f\u00f6r att n\u00e5gon ska veta eller f\u00e5 reda p\u00e5 det. <\/p>\n<h4>Denna produkt inneh\u00e5ller:<\/h4>\n<p>&#8211; 1 Pjama v\u00e4ska<\/p>\n<p>F\u00f6rvara dina Pjama s\u00e4ngv\u00e4tningsprodukter i denna 100% vattent\u00e4ta och tv\u00e4ttbara Pjama-v\u00e4ska! V\u00e4skan har inget tryck f\u00f6r en subtilare och mer diskret look &#8211; care free med Pjama! <\/p>\n<p>Pjama-v\u00e4skan \u00e4r den perfekta f\u00f6rvaringen f\u00f6r dina Pjama-produkter &#8211; oavsett om de anv\u00e4nds eller inte!<\/p>\n<p>Tv\u00e4ttbar upp till 90\u00b0C.<\/p>\n<p>Den vattent\u00e4ta Pjama v\u00e4skan ing\u00e5r i flera av v\u00e5ra <a href=\"https:\/\/pjama.se\/pjama-shop\/\" target=\"_blank\" rel=\"noopener\">startpaket<\/a>.<\/p>\n","protected":false},"excerpt":{"rendered":"<h3>VATTENT\u00c4T PJAMA V\u00c4SKA<\/h3>\n<p>F\u00f6rvara dina Pjama s\u00e4ngv\u00e4tningsprodukter i denna 100% vattent\u00e4ta och tv\u00e4ttbara Pjama-v\u00e4ska!<\/p>\n<p>V\u00e4skan har inget tryck f\u00f6r en subtilare och mer diskret look &#8211; care free med Pjama!<\/p>\n","protected":false},"featured_media":7999,"template":"","meta":{"_et_pb_use_builder":"","_et_pb_old_content":"","_et_gb_content_width":"","inline_featured_image":false},"product_brand":[],"product_cat":[121,125,120],"product_tag":[],"class_list":{"0":"post-18402","1":"product","2":"type-product","3":"status-publish","4":"has-post-thumbnail","6":"product_cat-sangvatningsbyxor","7":"product_cat-sangvatningsbyxor-vuxen","8":"product_cat-sangvatningslarm-tillbehor","9":"product_shipping_class-eu-sv","11":"first","12":"instock","13":"taxable","14":"shipping-taxable","15":"purchasable","16":"product-type-simple"},"composite_virtual":false,"composite_layout":"","composite_add_to_cart_form_location":"","composite_editable_in_cart":false,"composite_sold_individually_context":"","composite_shop_price_calc":"","composite_components":[],"composite_scenarios":[],"_links":{"self":[{"href":"https:\/\/dryguardians.eu\/sv\/wp-json\/wp\/v2\/product\/18402","targetHints":{"allow":["GET"]}}],"collection":[{"href":"https:\/\/dryguardians.eu\/sv\/wp-json\/wp\/v2\/product"}],"about":[{"href":"https:\/\/dryguardians.eu\/sv\/wp-json\/wp\/v2\/types\/product"}],"wp:featuredmedia":[{"embeddable":true,"href":"https:\/\/dryguardians.eu\/sv\/wp-json\/wp\/v2\/media\/7999"}],"wp:attachment":[{"href":"https:\/\/dryguardians.eu\/sv\/wp-json\/wp\/v2\/media?parent=18402"}],"wp:term":[{"taxonomy":"product_brand","embeddable":true,"href":"https:\/\/dryguardians.eu\/sv\/wp-json\/wp\/v2\/product_brand?post=18402"},{"taxonomy":"product_cat","embeddable":true,"href":"https:\/\/dryguardians.eu\/sv\/wp-json\/wp\/v2\/product_cat?post=18402"},{"taxonomy":"product_tag","embeddable":true,"href":"https:\/\/dryguardians.eu\/sv\/wp-json\/wp\/v2\/product_tag?post=18402"}],"curies":[{"name":"wp","href":"https:\/\/api.w.org\/{rel}","templated":true}]}}