{"id":17477,"date":"2020-06-02T09:06:23","date_gmt":"2020-06-02T07:06:23","guid":{"rendered":"https:\/\/dryguardians.eu\/product\/pjama-shorts-for-behandling-av-sangvatning\/"},"modified":"2025-09-28T08:20:04","modified_gmt":"2025-09-28T06:20:04","slug":"pjama-shorts-for-behandling-av-sangvatning","status":"publish","type":"product","link":"https:\/\/dryguardians.eu\/sv\/produkt\/pjama-shorts-for-behandling-av-sangvatning\/","title":{"rendered":"Pjama Shorts f\u00f6r behandling av s\u00e4ngv\u00e4tning"},"content":{"rendered":"<h3>Pjama Shorts f\u00f6r behandling av s\u00e4ngv\u00e4tning f\u00f6r barn<\/h3>\n<h4><\/h4>\n<h4>Pjama Shorts f\u00f6r behandling av s\u00e4ngv\u00e4tning<\/h4>\n<p>Pjama Bedwetting Treatment Shorts \u00e4r utformade f\u00f6r att hj\u00e4lpa till att behandla s\u00e4ngv\u00e4tning och samtidigt h\u00e5lla s\u00e4ngen torr om ditt barn kissar i s\u00e4ngen. Dessa \u00e5teranv\u00e4ndbara absorberande shorts \u00e4r ett diskret och effektivt verktyg f\u00f6r att hantera nattlig enures hos barn och ungdomar. <strong>Obs: Pjama s\u00e4ngv\u00e4tningslarm ing\u00e5r inte<\/strong>, men kan k\u00f6pas separat eller som en del av ett kit med shortsen. <\/p>\n<h4><\/h4>\n<h4>Bekv\u00e4m och mjuk<\/h4>\n<p>Pjama Bedwetting Treatment Shorts \u00e4r tillverkade av ett mjukt material som kallas <em>Tencel<\/em>. Det yttre lagret av <em>Tencel<\/em> \u00e4r laminerat, vilket g\u00f6r shortsen vattent\u00e4ta samtidigt som de har en utm\u00e4rkt andningsf\u00f6rm\u00e5ga. Ett absorberande material \u00e4r fastsytt i det kritiska omr\u00e5det i grenen, vilket s\u00e4kerst\u00e4ller att v\u00e4tskan stannar kvar i shortsen. Alla material \u00e4r Oeko-Tex-certifierade och s\u00e4kra f\u00f6r barn.   <\/p>\n<p>Shortsen finns i tv\u00e5 modeller: <em>Pjama Bedwetting Treatment Shorts<\/em> och <em>Pjama Bedwetting Treatment Shorts Light.<\/em> Light-versionen \u00e4r avsedd f\u00f6r barn med mindre problem med s\u00e4ngv\u00e4tning. Storlekarna varierar fr\u00e5n 98 cm till 164 cm i h\u00f6jd. F\u00f6r exakta m\u00e5tt och absorptionsf\u00f6rm\u00e5ga, se v\u00e5r <a href=\"https:\/\/pjama.se\/pjama-storleksguide\/\" target=\"_blank\" rel=\"noopener\">storleksguide<\/a>.   <\/p>\n<h4><\/h4>\n<h4>Anv\u00e4nd med Pjama s\u00e4ngv\u00e4tningslarm<\/h4>\n<p>Pjama Bedwetting Treatment Shorts skyddar s\u00e4ngen fr\u00e5n olyckor och \u00e4r ett effektivt hj\u00e4lpmedel f\u00f6r att behandla nattlig enures hos barn. Behandlingsshortsen har inbyggda sensortr\u00e5dar som g\u00f6r det enkelt att ansluta ett s\u00e4ngv\u00e4tningslarm. Anv\u00e4nd det kompatibla &#8221;Pjama Bedwetting Alarm&#8221; med tryckknappar som f\u00e4sts p\u00e5 shortsen. Det tr\u00e5dl\u00f6sa larmet best\u00e5r av en sensor som f\u00e4sts i linningen p\u00e5 shortsen och en ljudenhet som aktiveras n\u00e4r barnet kissar.   <\/p>\n<p>Du kan ocks\u00e5 ansluta larmet till din smartphone via <em>DryGuardians-appen<\/em>, som ger diskreta signaler, vibrationer och behandlingsuppdateringar f\u00f6r f\u00f6r\u00e4ldrar. Appen finns tillg\u00e4nglig p\u00e5 <a href=\"https:\/\/play.google.com\/store\/apps\/details?id=com.pjama&amp;gl=sv&amp;hl=sv\" target=\"_blank\" rel=\"noopener\">Google Play<\/a> och <a href=\"https:\/\/apps.apple.com\/sv\/app\/pjama\/id1498084664?mt=8&amp;l=sv\" target=\"_blank\" rel=\"noopener\">App Store<\/a>. Den h\u00e4r l\u00f6sningen \u00e4r perfekt f\u00f6r barn med enures och g\u00f6r det m\u00f6jligt att forts\u00e4tta behandlingen var du \u00e4n befinner dig.  <\/p>\n<p>\u00c4r du nyfiken p\u00e5 v\u00e5rt enureslarm? Mer information om Pjama s\u00e4ngv\u00e4tningslarm hittar du <a href=\"https:\/\/pjama.se\/produkter\/sangvatningslarm\/\" target=\"_blank\" rel=\"noopener\">h\u00e4r.<\/a> <\/p>\n<h4><\/h4>\n<h4>Om produkten<\/h4>\n<p>Med Pjama Bedwetting Treatment Shorts f\u00e5r du alla f\u00f6rdelar med \u00e5teranv\u00e4ndbara absorberande underkl\u00e4der mot s\u00e4ngv\u00e4tning kombinerat med m\u00f6jligheten att ansluta direkt till ett s\u00e4ngv\u00e4tningslarm. Sensortr\u00e5darna i grenen k\u00e4nner snabbt av v\u00e4tska, oavsett var den hamnar, och aktiverar larmet. Detta g\u00f6r behandlingen av enures enklare och mer effektiv f\u00f6r b\u00e5de barn och f\u00f6r\u00e4ldrar. N\u00e4r ditt barn kissar i s\u00e4ngen hj\u00e4lper du det bara till badrummet, tar av shortsen och s\u00e4tter p\u00e5 ett nytt par om det finns risk f\u00f6r en ny olycka. P\u00e5 s\u00e5 s\u00e4tt slipper du b\u00e4dda om s\u00e4ngen och det enda som beh\u00f6ver tv\u00e4ttas \u00e4r shortsen.    <\/p>\n<p>\u00c4ven n\u00e4r du reser eller sover borta fr\u00e5n hemmet kan du diskret hantera s\u00e4ngv\u00e4tning med Pjama Bedwetting Treatment Shorts och v\u00e5rt s\u00e4ngv\u00e4tningslarm som \u00e4r anslutet till en eller flera mobila enheter. Shortsen \u00e4r l\u00e4tta att tv\u00e4tta och kan torktumlas, vilket g\u00f6r dem praktiska f\u00f6r daglig anv\u00e4ndning. Observera att de p\u00e5 grund av sina v\u00e4tskeh\u00e5llande egenskaper naturligtvis har en n\u00e5got l\u00e4ngre torktid \u00e4n vanliga plagg.  <\/p>\n<h4><\/h4>\n<h4>Detaljer<\/h4>\n<ul>\n<li><em>Kompatibel med Pjama Bedwetting Alarm (via knappar i midjebandet)<\/em><\/li>\n<li><em>Inbyggda sensorg\u00e4ngor<\/em><\/li>\n<li><em>Absorberande (skyddar s\u00e4ngen)<\/em><\/li>\n<li><em>Bekv\u00e4m och mjuk<\/em><\/li>\n<li><em>Diskret och praktisk<\/em><\/li>\n<li><em>Maskintv\u00e4ttbar i 60\u00b0C<\/em><\/li>\n<li><em>Kan torktumlas<\/em><\/li>\n<li><em>Storlekar: F\u00f6r barn<\/em><\/li>\n<li><em>F\u00e4rg: Gr\u00e5<\/em><\/li>\n<\/ul>\n<h4><\/h4>\n<h4>Behandling av enures: Motivation och t\u00e5lamod<\/h4>\n<p>Att behandla nattlig enures kr\u00e4ver motivation och t\u00e5lamod, s\u00e4rskilt under de f\u00f6rsta veckorna. F\u00f6r b\u00e5de barn och f\u00f6r\u00e4ldrar \u00e4r det viktigt att s\u00e4tta upp realistiska m\u00e5l och fira framstegen. Kom ih\u00e5g att det ultimata m\u00e5let \u00e4r en torr s\u00e4ng utan hj\u00e4lp, och verktyg som Pjama Bedwetting Treatment Shorts och ett s\u00e4ngv\u00e4tningslarm kan g\u00f6ra resan enklare.  <\/p>\n<p>Som f\u00f6r\u00e4lder kan du h\u00e5lla ditt barn motiverat genom att ge positiv feedback och ber\u00f6m. Med hj\u00e4lp av <em>DryGuardians-appen<\/em> kan du f\u00e5 tillg\u00e5ng till tips och r\u00e5d som \u00e4r skr\u00e4ddarsydda f\u00f6r dina behandlingsframsteg. Det h\u00e4r \u00e4r ett s\u00e4kert och effektivt s\u00e4tt att f\u00f6rb\u00e4ttra vardagen f\u00f6r barn som lider av s\u00e4ngv\u00e4tning.  <\/p>\n<footer>\u00a9 2024 Pjama.<\/footer>\n<p>&nbsp;<\/p>\n","protected":false},"excerpt":{"rendered":"<h3>S\u00e4ngv\u00e4tning i Pjama &#8211; behandlingsshorts f\u00f6r barn<\/h3>\n<p><span style=\"font-weight: 400;\">Pjama Bedwetting Treatment Shorts skyddar s\u00e4ngen fr\u00e5n v\u00e4ta samtidigt som de m\u00f6jligg\u00f6r effektiv behandling av enures (s\u00e4ngv\u00e4tning).<\/p>\n<p><\/span><\/p>\n<ul>\n<li style=\"font-weight: 400;\"><span style=\"font-weight: 400;\">Kompatibel med Pjama s\u00e4ngv\u00e4tningslarm &#8211; behandla s\u00e4ngv\u00e4tning enkelt, s\u00e4kert och bekv\u00e4mt.<\/span><\/li>\n<li style=\"font-weight: 400;\"><span style=\"font-weight: 400;\">Andningsbar och helt vattent\u00e4t f\u00f6r att h\u00e5lla s\u00e4ngen torr.<\/span><\/li>\n<li style=\"font-weight: 400;\"><span style=\"font-weight: 400;\">Lika mjuka och bekv\u00e4ma som vanliga pyjamasshorts.<\/span><\/li>\n<li style=\"font-weight: 400;\"><span style=\"font-weight: 400;\">Kan maskintv\u00e4ttas i 60\u00b0C och torktumlas.<\/span><\/li>\n<li style=\"font-weight: 400;\"><span style=\"font-weight: 400;\">Kompatibel med DryGuardians-appen, en kostnadsfri behandlingstj\u00e4nst f\u00f6r s\u00e4ngv\u00e4tare.<\/span><\/li>\n<\/ul>\n","protected":false},"featured_media":7987,"template":"","meta":{"_et_pb_use_builder":"off","_et_pb_old_content":"<h3>PYJAMAS SHORTS F\u00d6R BEHANDLING AV S\u00c4NGV\u00c4TNING<\/h3>\nLetar du efter en produkt som h\u00e5ller ditt barns s\u00e4ng torr och som ocks\u00e5 kan fungera som behandling? Pjama Bedwetting Treatment Shorts kommer att f\u00e5 dig att komma ig\u00e5ng! \n<h4>Denna produkt inneh\u00e5ller:<\/h4>\n- 1 par Pjama Shorts f\u00f6r behandling av s\u00e4ngv\u00e4tning\n\nPjama Bedwetting Treatment Shorts \u00e4r en fantastisk produkt f\u00f6r dig som vill ha en komplett l\u00f6sning p\u00e5 problemet med s\u00e4ngv\u00e4tning. Bedwetting Treatment Shorts h\u00e5ller s\u00e4ngen torr p\u00e5 natten samtidigt som den har insydda sensortr\u00e5dar som du enkelt kan ansluta Pjama Bedwetting Alarm till f\u00f6r behandling. \n(Observera att Pjama s\u00e4ngv\u00e4tningslarm inte ing\u00e5r i denna produkt)\n\nPjama Bedwetting Treatment Shorts kan anv\u00e4ndas som s\u00e4ngskydd f\u00f6r n\u00e4tter borta eller hemma. Shortsen\/byxorna kan \u00e4ven anv\u00e4ndas f\u00f6r behandling om du ansluter Pjama Bedwetting Alarm (ing\u00e5r ej).\nOm du vill anv\u00e4nda Pjama Bedwetting Treatment Shorts tillsammans med Pjama Bedwetting Alarm ansluter du helt enkelt en liten Pjama Sensor for Bedwetting Alarm till 2 sm\u00e5 knappar vid midjan p\u00e5 byxorna som i sin tur tr\u00e5dl\u00f6st kommunicerar med Pjama Speaker-enheten.\nProdukten \u00e4r flexibel d\u00e5 den kan anv\u00e4ndas \u00e4ven n\u00e4r du \u00f6vernattar utanf\u00f6r ditt eget hem. N\u00e4r du v\u00e4l har p\u00e5b\u00f6rjat en behandling \u00e4r det viktigt att den fullf\u00f6ljs varje natt. Om barnet skulle sova borta kan du enkelt anv\u00e4nda en smartphone som larmenhet och d\u00e5 s\u00e4tta telefonen p\u00e5 vibrationsl\u00e4ge ist\u00e4llet f\u00f6r ljudsignal.\nVid anv\u00e4ndning tillsammans med en smartphone beh\u00f6ver du ladda ner Pjama App fr\u00e5n <a href=\"https:\/\/play.google.com\/store\/apps\/details?id=com.pjama\">Google Play<\/a> eller <a href=\"https:\/\/apps.apple.com\/us\/app\/pjama\/id1498084664\">App Store<\/a>.\nMed Pjama App kan du f\u00e5 feedback med tips och r\u00e5d under behandlingen, beroende p\u00e5 hur behandlingen fortskrider.\nAtt b\u00e4ra Pjama Bedwetting Treatment Shorts \u00e4r lika sk\u00f6nt som att b\u00e4ra vilken annan pyjamas som helst, samtidigt som det h\u00e5ller fukten borta fr\u00e5n s\u00e4ngen n\u00e4r ditt barn sover p\u00e5 natten. Shortsen\/byxorna skyddar lakan, t\u00e4cken och madrasser.    \n\nPjama Bedwetting Treatment Shorts h\u00e5ller s\u00e4ngen torr n\u00e4r en nattlig olycka intr\u00e4ffar samtidigt som den kan anv\u00e4ndas f\u00f6r behandling tillsammans med Pjama Bedwetting Alarm.\n\nPjama Bedwetting Treatment Shorts tillsammans med Pjama Bedwetting Alarm fungerar som ett komplett system f\u00f6r behandling av s\u00e4ngv\u00e4tning.\n<h4>MATERIAL<\/h4>\nPjama Bedwetting Treatment Shorts \u00e4r tillverkade av tyger som \u00e4r certifierade enligt Oeko-Tex.\n<h4>TV\u00c4TTNING<\/h4>\nTv\u00e4tta och torktumla produkten med insidan ut\u00e5t i max 60 grader. P\u00e5 grund av det absorberande materialet tar Pjama Bedwetting Treatment Shorts l\u00e4ngre tid att torka j\u00e4mf\u00f6rt med andra textilprodukter. Observera att om du har anv\u00e4nt Pjama Bedwetting Alarm med produkten, var noga med att kn\u00e4ppa av den lilla Pjama Sensor f\u00f6r Bedwetting Alarm som \u00e4r ansluten till byxorna f\u00f6re tv\u00e4tt.  \n\nF\u00f6r mer detaljerad information se v\u00e5r <a href=\"https:\/\/dryguardians.eu\/how-to-wash-your-pjama\/\">hemsida.<\/a>","_et_gb_content_width":"","inline_featured_image":false},"product_brand":[],"product_cat":[121,120],"product_tag":[],"class_list":{"0":"post-17477","1":"product","2":"type-product","3":"status-publish","4":"has-post-thumbnail","6":"product_cat-sangvatningsbyxor","7":"product_cat-sangvatningslarm-tillbehor","8":"product_shipping_class-eu-sv","10":"first","11":"instock","12":"taxable","13":"shipping-taxable","14":"purchasable","15":"product-type-variable"},"composite_virtual":false,"composite_layout":"","composite_add_to_cart_form_location":"","composite_editable_in_cart":false,"composite_sold_individually_context":"","composite_shop_price_calc":"","composite_components":[],"composite_scenarios":[],"_links":{"self":[{"href":"https:\/\/dryguardians.eu\/sv\/wp-json\/wp\/v2\/product\/17477","targetHints":{"allow":["GET"]}}],"collection":[{"href":"https:\/\/dryguardians.eu\/sv\/wp-json\/wp\/v2\/product"}],"about":[{"href":"https:\/\/dryguardians.eu\/sv\/wp-json\/wp\/v2\/types\/product"}],"wp:featuredmedia":[{"embeddable":true,"href":"https:\/\/dryguardians.eu\/sv\/wp-json\/wp\/v2\/media\/7987"}],"wp:attachment":[{"href":"https:\/\/dryguardians.eu\/sv\/wp-json\/wp\/v2\/media?parent=17477"}],"wp:term":[{"taxonomy":"product_brand","embeddable":true,"href":"https:\/\/dryguardians.eu\/sv\/wp-json\/wp\/v2\/product_brand?post=17477"},{"taxonomy":"product_cat","embeddable":true,"href":"https:\/\/dryguardians.eu\/sv\/wp-json\/wp\/v2\/product_cat?post=17477"},{"taxonomy":"product_tag","embeddable":true,"href":"https:\/\/dryguardians.eu\/sv\/wp-json\/wp\/v2\/product_tag?post=17477"}],"curies":[{"name":"wp","href":"https:\/\/api.w.org\/{rel}","templated":true}]}}