{"id":16869,"date":"2023-08-16T13:04:26","date_gmt":"2023-08-16T11:04:26","guid":{"rendered":"https:\/\/dryguardians.eu\/product\/hipster-underklader-med-hog-absorptionsformaga\/"},"modified":"2023-08-16T13:04:26","modified_gmt":"2023-08-16T11:04:26","slug":"hipster-underklader-med-hog-absorptionsformaga","status":"publish","type":"product","link":"https:\/\/dryguardians.eu\/sv\/produkt\/hipster-underklader-med-hog-absorptionsformaga\/","title":{"rendered":"Hipster-underkl\u00e4der med h\u00f6g absorptionsf\u00f6rm\u00e5ga"},"content":{"rendered":"<h3>H\u00f6gabsorberande hipsterunderkl\u00e4der<\/h3>\n<p><strong>Denna h\u00f6gabsorberande underkl\u00e4desprodukt \u00e4r den ultimata l\u00f6sningen f\u00f6r dig som s\u00f6ker komfort, sj\u00e4lvf\u00f6rtroende och bekymmersfria dagar och n\u00e4tter &#8211; de absorberande hipsterkalsongerna! Dessa hipsterkalsonger \u00e4r designade med dina behov i \u00e5tanke och \u00e4r h\u00e4r f\u00f6r att hj\u00e4lpa dig att hantera inkontinens b\u00e5de dagtid och nattetid. <\/strong><\/p>\n<p><strong>Behandling av s\u00e4ngv\u00e4tning och \u00f6vervakning dagtid:<\/strong> Om du behandlas f\u00f6r s\u00e4ngv\u00e4tning har produkten \u00e4ven en insydd ficka som kan anv\u00e4ndas f\u00f6r sensorn, Pjama Connect s\u00e4ngv\u00e4tningslarm. N\u00e4r du anv\u00e4nder Pjama Connect s\u00e4ngv\u00e4tningslarm kan funktionen f\u00f6r bl\u00f6thetslarm naturligtvis anv\u00e4ndas nattetid. F\u00f6r de som har s\u00e4rskilda behov av att identifiera n\u00e4r en bl\u00f6thet intr\u00e4ffar dagtid kan det g\u00f6ras med antingen en diskret vibrationslarmsignal eller i kombination med ett ljudlarm.  <\/p>\n<p>Denna modell absorberar mellan 120 &#8211; 200 ml (4,0 &#8211; 6,5 Oz) beroende p\u00e5 storlek.<br \/>\nSe v\u00e5r storleksguide f\u00f6r mer information.<\/p>\n<p><strong>OBS:<\/strong> Vid stora l\u00e4ckage rekommenderas Pjama absorberande s\u00e4ngv\u00e4tningsbyxor \/ shorts f\u00f6r att h\u00e5lla s\u00e4ngen torr.<\/p>\n<p><strong>F\u00f6rstklassiga material:<\/strong> Dessa kalsonger \u00e4r tillverkade med omsorgsfull uppm\u00e4rksamhet p\u00e5 detaljer och sys med en blandning av mjukt bomullstyg och tencel-tyg f\u00f6r \u00f6verl\u00e4gsen komfort mot din hud. Det inbyggda lagret av superabsorberande material g\u00f6r att det absorberar en st\u00f6rre m\u00e4ngd v\u00e4tska och underkl\u00e4derna kan d\u00e4rf\u00f6r anv\u00e4ndas b\u00e5de dag och natt. <\/p>\n<p><strong>Skr\u00e4ddarsydd passform:<\/strong> Vi f\u00f6rst\u00e5r att en storlek inte passar alla. Det \u00e4r d\u00e4rf\u00f6r vi erbjuder en rad olika storlekar f\u00f6r att s\u00e4kerst\u00e4lla en perfekt passform f\u00f6r alla. Du beh\u00f6ver inte l\u00e4ngre oroa dig f\u00f6r l\u00e4ckage eller obehag &#8211; v\u00e5ra absorberande hipsterunderkl\u00e4der har den perfekta passformen f\u00f6r alla kroppstyper.  <\/p>\n<p><strong>Anv\u00e4ndning dag och natt:<\/strong> Oavsett om du g\u00e5r igenom dina dagliga aktiviteter eller l\u00e4gger dig f\u00f6r en vilsam natts s\u00f6mn, har v\u00e5ra absorberande Hipster-underkl\u00e4der t\u00e4ckt dig. Upplev friheten att njuta av livet utan st\u00e4ndig oro f\u00f6r l\u00e4ckage eller f\u00f6rl\u00e4genhet. <\/p>\n<p><strong>Diskret design:<\/strong> V\u00e5ra absorberande hipsterunderkl\u00e4der har en diskret design som sm\u00e4lter s\u00f6ml\u00f6st med dina vanliga kl\u00e4der. Du kan tryggt g\u00e5 igenom din dag utan att n\u00e5gon n\u00e5gonsin vet att du b\u00e4r specialdesignade absorberande underkl\u00e4der. <\/p>\n<p><strong>L\u00e4tt att underh\u00e5lla:<\/strong> De absorberande hipsterunderkl\u00e4derna \u00e4r utformade f\u00f6r att vara l\u00e4tta att ta hand om. Tv\u00e4tta i 60 grader C och torktumla, s\u00e5 \u00e4r de redo att anv\u00e4ndas igen. Observera dock att torktiden \u00e4r n\u00e5got l\u00e4ngre \u00e4n f\u00f6r normala plagg.  <\/p>\n<p>\u00c5terf\u00e5 ditt sj\u00e4lvf\u00f6rtroende och njut av de aktiviteter du \u00e4lskar utan att beh\u00f6va vara r\u00e4dd f\u00f6r l\u00e4ckage eller obehag. V\u00e4lj Absorbent Hipster Underwear, din p\u00e5litliga partner n\u00e4r det g\u00e4ller att hantera inkontinens. Uppt\u00e4ck en ny niv\u00e5 av komfort och skydd redan idag!  <\/p>\n","protected":false},"excerpt":{"rendered":"<h3>H\u00f6gabsorberande hipsterunderkl\u00e4der<\/h3>\n<p><strong>Den ultimata l\u00f6sningen f\u00f6r dig som vill ha komfort, sj\u00e4lvf\u00f6rtroende och bekymmersfria dagar och n\u00e4tter! Dessa hipsterkalsonger \u00e4r designade med dina behov i \u00e5tanke och \u00e4r h\u00e4r f\u00f6r att hj\u00e4lpa dig att hantera inkontinens b\u00e5de dagtid och nattetid. <\/strong><\/p>\n<p><strong>NATT:<\/strong> P\u00e5 natten skyddar underkl\u00e4derna s\u00e4ngen mot sm\u00e5 l\u00e4ckage och har samtidigt en insydd ficka f\u00f6r att f\u00e4sta Pjama Connect s\u00e4ngv\u00e4tningsalarm<\/p>\n<p><strong>DAG:<\/strong> K\u00e4nn dig trygg under dagen med att underkl\u00e4derna absorberar l\u00e4ckage. F\u00f6r de som har behov av att identifiera n\u00e4r en bl\u00f6thet uppst\u00e5r dagtid kan det g\u00f6ras med antingen en diskret vibrationslarmsignal eller i kombination med ett ljudlarm. <\/p>\n<p>Denna modell absorberar mellan 120 &#8211; 200 ml (4,0 &#8211; 6,5 Oz) beroende p\u00e5 storlek.<br \/>\nSe v\u00e5r storleksguide f\u00f6r mer information.<\/p>\n<p><strong>OBS:<\/strong> Vid stora l\u00e4ckage rekommenderas Pjama absorberande s\u00e4ngv\u00e4tningsbyxor \/ shorts f\u00f6r att h\u00e5lla s\u00e4ngen torr.<\/p>\n","protected":false},"featured_media":8021,"template":"","meta":{"_et_pb_use_builder":"","_et_pb_old_content":"","_et_gb_content_width":"","inline_featured_image":false},"product_brand":[],"product_cat":[126,124],"product_tag":[],"class_list":{"0":"post-16869","1":"product","2":"type-product","3":"status-publish","4":"has-post-thumbnail","6":"product_cat-inkontinensunderbyxor-flickor","7":"product_cat-inkontinensunderbyxor-kvinnor","8":"product_shipping_class-eu-sv","10":"first","11":"instock","12":"taxable","13":"shipping-taxable","14":"purchasable","15":"product-type-variable"},"composite_virtual":false,"composite_layout":"","composite_add_to_cart_form_location":"","composite_editable_in_cart":false,"composite_sold_individually_context":"","composite_shop_price_calc":"","composite_components":[],"composite_scenarios":[],"_links":{"self":[{"href":"https:\/\/dryguardians.eu\/sv\/wp-json\/wp\/v2\/product\/16869","targetHints":{"allow":["GET"]}}],"collection":[{"href":"https:\/\/dryguardians.eu\/sv\/wp-json\/wp\/v2\/product"}],"about":[{"href":"https:\/\/dryguardians.eu\/sv\/wp-json\/wp\/v2\/types\/product"}],"wp:featuredmedia":[{"embeddable":true,"href":"https:\/\/dryguardians.eu\/sv\/wp-json\/wp\/v2\/media\/8021"}],"wp:attachment":[{"href":"https:\/\/dryguardians.eu\/sv\/wp-json\/wp\/v2\/media?parent=16869"}],"wp:term":[{"taxonomy":"product_brand","embeddable":true,"href":"https:\/\/dryguardians.eu\/sv\/wp-json\/wp\/v2\/product_brand?post=16869"},{"taxonomy":"product_cat","embeddable":true,"href":"https:\/\/dryguardians.eu\/sv\/wp-json\/wp\/v2\/product_cat?post=16869"},{"taxonomy":"product_tag","embeddable":true,"href":"https:\/\/dryguardians.eu\/sv\/wp-json\/wp\/v2\/product_tag?post=16869"}],"curies":[{"name":"wp","href":"https:\/\/api.w.org\/{rel}","templated":true}]}}