{"id":16841,"date":"2023-01-09T15:59:19","date_gmt":"2023-01-09T14:59:19","guid":{"rendered":"https:\/\/dryguardians.eu\/product\/dryguardians-mix-kit-pojkar\/"},"modified":"2025-03-26T15:45:09","modified_gmt":"2025-03-26T14:45:09","slug":"dryguardians-mix-kit-pojkar","status":"publish","type":"product","link":"https:\/\/dryguardians.eu\/sv\/produkt\/dryguardians-mix-kit-pojkar\/","title":{"rendered":"DryGuardians Mix Kit Pojkar"},"content":{"rendered":"<h4>DryGuardians Mixkit Pojkar<\/h4>\n<p>Pjama s\u00e4ngv\u00e4tningslarm, s\u00e4ngv\u00e4tningsservice, shorts och underkl\u00e4der ger en helt\u00e4ckande l\u00f6sning f\u00f6r behandling av s\u00e4ngv\u00e4tning samtidigt som s\u00e4ngen h\u00e5lls torr hela natten.<br \/>\nDu kan f\u00e5 tillg\u00e5ng till s\u00e4ngv\u00e4tningstj\u00e4nsten i DryGuardians-appen utan extra kostnad. Ladda ner DryGuardians-appen fr\u00e5n <a href=\"https:\/\/play.google.com\/store\/apps\/details?id=com.pjama&amp;gl=sv&amp;hl=sv\" target=\"_blank\" rel=\"noopener\">Google Play<\/a> eller <a href=\"https:\/\/apps.apple.com\/sv\/app\/pjama\/id1498084664?mt=8&amp;l=sv\" target=\"_blank\" rel=\"noopener\">App Store<\/a>.<br \/>\nAtt b\u00e4ra Pjama Bedwetting Shorts \u00e4r lika bekv\u00e4mt som att b\u00e4ra vilken annan pyjamas som helst, samtidigt som du kan ansluta till ett k\u00e4nsligt s\u00e4ngv\u00e4tningslarm f\u00f6r effektiv s\u00e4ngv\u00e4tningsbehandling och h\u00e5lla s\u00e4ngen torr under processen.<\/p>\n<h4>F\u00c5 V\u00c4GLEDNING MED V\u00c5R BEDWETTING SERVICE I DryGuardians APP &#8211; UTV\u00c4RDERING EFTER 4 VECKOR<\/h4>\n<p>S\u00e4ngv\u00e4tningstj\u00e4nsten i DryGuardians-appen erbjuder m\u00e5nga smarta funktioner. K\u00e4rnan i tj\u00e4nsten\/appen \u00e4r kalendern, d\u00e4r du enkelt kan logga nattliga resultat. Baserat p\u00e5 dessa data guidar och motiverar vi dig genom behandlingen med meddelanden i form av video, text och bilder. Dessa meddelanden visas i fl\u00f6det i DryGuardians-appen under behandlingen.<br \/>\nEn behandling mot s\u00e4ngv\u00e4tning p\u00e5verkar vanligtvis hela familjen. Med hj\u00e4lp av de data som genereras kan vi efter <strong>4 veckor<\/strong> bed\u00f6ma om behandlingen fungerar eller inte. Om behandlingen inte verkar effektiv \u00e4r det m\u00f6jligt att den kan fungera senare. Dessutom f\u00e5r du tillg\u00e5ng till:<\/p>\n<ul>\n<li>Anv\u00e4nd appen som en ljudenhet och st\u00e4ll in olika ringsignaler.<\/li>\n<li>Spela in din egen larmsignal.<\/li>\n<li>St\u00e4ll in dagslarm (f\u00f6r p\u00e5minnelser om toalettbes\u00f6k under dagen).<\/li>\n<li>Allm\u00e4nna tips och r\u00e5d f\u00f6r behandling av nattlig enures.<\/li>\n<\/ul>\n<p>S\u00e4ngv\u00e4tningstj\u00e4nsten i DryGuardians-appen \u00e4r gratis att ladda ner fr\u00e5n <a href=\"https:\/\/play.google.com\/store\/apps\/details?id=com.pjama&amp;gl=sv&amp;hl=sv\" target=\"_blank\" rel=\"noopener\">Google Play<\/a> eller <a href=\"https:\/\/apps.apple.com\/sv\/app\/pjama\/id1498084664?mt=8&amp;l=sv\" target=\"_blank\" rel=\"noopener\">App Store<\/a>. L\u00e4s mer om DryGuardians-appen och s\u00e4ngv\u00e4tningstj\u00e4nsten p\u00e5 v\u00e5r <a href=\"https:\/\/pjama.se\/pjama-sangvatningsklinik\/\" target=\"_blank\" rel=\"noopener\">webbplats<\/a>.<\/p>\n<h4>Material<\/h4>\n<p>Pjama Bedwetting Shorts \u00e4r tillverkade av ett mjukt material som heter <em>Tencel<\/em>. Det yttre lagret av <em>Tencel<\/em> i shortsen \u00e4r laminerat, vilket g\u00f6r dem vattent\u00e4ta samtidigt som de har en utm\u00e4rkt andningsf\u00f6rm\u00e5ga. Ett absorberande material \u00e4r sytt runt det kritiska omr\u00e5det i grenen, vilket s\u00e4kerst\u00e4ller att v\u00e4tskan stannar inne i shortsen. Alla material \u00e4r Oeko-Tex-certifierade och s\u00e4kra f\u00f6r barn.<\/p>\n<p>Bedwetting Shorts finns i tv\u00e5 versioner: <em>Pjama Bedwetting Shorts<\/em> och <em>Pjama Bedwetting Shorts Light<\/em>. Light-versionen \u00e4r avsedd f\u00f6r barn med l\u00e4ttare s\u00e4ngv\u00e4tning. Storlekarna str\u00e4cker sig fr\u00e5n en kroppsl\u00e4ngd p\u00e5 98 cm till 164 cm. F\u00f6r exakta m\u00e5tt och absorptionsf\u00f6rm\u00e5ga, se v\u00e5r <a href=\"https:\/\/pjama.se\/pjama-storleksguide\/\" target=\"_blank\" rel=\"noopener\">storleksguide<\/a>.<\/p>\n<p>Pjama Boxer s\u00e4ngv\u00e4tningskalsonger \u00e4r tillverkade av h\u00f6gkvalitativa, Oeko-Tex-certifierade tyger som \u00e4r s\u00e4kra och skonsamma mot barns hud.<\/p>\n<p>Alla produkter i DryGuardians Mixkit har inbyggda sensortr\u00e5dar, vilket \u00f6kar kontaktytan f\u00f6r s\u00e4ngv\u00e4tningslarmet. Det inneb\u00e4r att larmet p\u00e5 ett tillf\u00f6rlitligt s\u00e4tt uppt\u00e4cker s\u00e4ngv\u00e4tning oavsett var urinen tr\u00e4ffar eller vilken sovst\u00e4llning ditt barn har. Detta \u00e4r s\u00e4rskilt anv\u00e4ndbart f\u00f6r pojkar, d\u00e4r omr\u00e5det f\u00f6r den initiala kontakten kan variera. Detsamma g\u00e4ller f\u00f6r flickor som har olika sovst\u00e4llningar, s\u00e4rskilt om de ofta sover p\u00e5 rygg.<\/p>\n<h4>Anv\u00e4ndning<\/h4>\n<p>De s\u00e4ngv\u00e4tande plaggen har inbyggda sensortr\u00e5dar runt grenen, som snabbt k\u00e4nner av urin. Det \u00e4r bara att f\u00e4sta sensorn p\u00e5 den fr\u00e4mre linningen och starta s\u00e4ngv\u00e4tningslarmet f\u00f6r att p\u00e5b\u00f6rja behandlingen! Placera s\u00e4ngv\u00e4tningslarmet n\u00e4ra s\u00e4ngen med barnet.<br \/>\nOm barnet kissar i s\u00e4ngen aktiverar de k\u00e4nsliga inbyggda sensortr\u00e5darna i shortsen eller underkl\u00e4derna snabbt larmet. Barnet kan enkelt stoppa larmet genom att trycka p\u00e5 &#8221;ON\/OFF&#8221;-knappen p\u00e5 larmets ovansida och sedan g\u00e5 till badrummet f\u00f6r att kissa f\u00e4rdigt och byta till ett nytt par Pjama Bedwetting Shorts eller Briefs.<br \/>\nF\u00f6r att anv\u00e4nda s\u00e4ngv\u00e4tningslarmet med din smartphone, ladda ner DryGuardians-appen fr\u00e5n <a href=\"https:\/\/play.google.com\/store\/apps\/details?id=com.pjama\" target=\"_blank\" rel=\"noopener\">Google Play<\/a> eller <a href=\"https:\/\/apps.apple.com\/se\/app\/pjama\/id1498084664\" target=\"_blank\" rel=\"noopener\">App Store<\/a>.<\/p>\n<h4>INFO<\/h4>\n<ul>\n<li><em>Pjama Bedwetting Alarm kopplas enkelt till b\u00e5de shortsen och trosorna via knappar i linningen.<\/em><\/li>\n<li><em>Inbyggda sensortr\u00e5dar f\u00f6r snabb och tillf\u00f6rlitlig urindetektering.<\/em><\/li>\n<li><em>Absorberande (shorts skyddar s\u00e4ngen).<\/em><\/li>\n<li><em>Bekv\u00e4ma och diskreta.<\/em><\/li>\n<li><em>Tv\u00e4ttas i maskin i 60\u00b0C och kan torktumlas.<\/em><\/li>\n<li><em>Storlek: Barn.<\/em><\/li>\n<li><em>F\u00e4rg: Gr\u00e5 och bl\u00e5.<\/em><\/li>\n<li>Pjama s\u00e4ngv\u00e4tningsalarm laddas med en USB-laddare (adapter ing\u00e5r ej).<\/li>\n<li>Du hittar bruksanvisningen till Pjama s\u00e4ngv\u00e4tningslarm p\u00e5 v\u00e5r <a href=\"https:\/\/pjama.se\/produkt-manualer\/\" target=\"_blank\" rel=\"noopener\">webbplats<\/a>.<\/li>\n<li>L\u00e4s mer om s\u00e4ngv\u00e4tning hos barn <a href=\"https:\/\/www.rikshandboken-bhv.se\/pediatrik\/uro-genitalt\/sangvatning-hos-barn\/\" target=\"_blank\" rel=\"noopener\">h\u00e4r.<\/a><\/li>\n<\/ul>\n<h4>F\u00d6R DEN B\u00c4STA PJAMA UPPLEVELSEN<\/h4>\n<p>B\u00f6rja med att se till att du har r\u00e4tt storlek. Pjamasen ska sitta t\u00e4tt runt midjan (utan att vara f\u00f6r \u00e5tsittande). Se till att kontrollera v\u00e5r storleksguide innan du best\u00e4ller din Pjama.<\/p>\n<ul>\n<li>F\u00f6rbered behandlingen genom att inkludera ditt barn och f\u00f6rklara hur s\u00e4ngv\u00e4tningsprocessen g\u00e5r till n\u00e4r barnet kissar i s\u00e4ngen.<\/li>\n<li>V\u00e4lj en larmsignal och st\u00e4ll in volymen p\u00e5 h\u00f6gtalaren.<\/li>\n<li>Ladda ner DryGuardians-appen fr\u00e5n <a href=\"https:\/\/play.google.com\/store\/apps\/details?id=com.pjama&amp;gl=sv&amp;hl=sv\" target=\"_blank\" rel=\"noopener\">Google Play<\/a> eller <a href=\"https:\/\/apps.apple.com\/sv\/app\/pjama\/id1498084664?mt=8&amp;l=sv\" target=\"_blank\" rel=\"noopener\">App Store<\/a>. Med v\u00e5r Bedwetting Service f\u00e5r du personlig v\u00e4gledning baserat p\u00e5 dina resultat.<\/li>\n<li>F\u00e4st sensorn p\u00e5 dina Pjama shorts eller kalsonger f\u00f6r s\u00e4ngv\u00e4tning.<\/li>\n<li>Placera h\u00f6gtalaren inom 10 meter fr\u00e5n sensorn.<\/li>\n<li>N\u00e4r s\u00e4ngv\u00e4tningslarmet g\u00e5r, v\u00e4ck ditt barn och ta med det till toaletten. Det \u00e4r viktigt att ditt barn vaknar.<\/li>\n<li>Ta bort sensorn, v\u00e4nd ut och in p\u00e5 shortsen och tv\u00e4tta dem.<\/li>\n<li>Logga in nattens resultat i DryGuardians-appen f\u00f6r personlig v\u00e4gledning under din behandling av s\u00e4ngv\u00e4tning.<\/li>\n<\/ul>\n<h4>MOTIVATION OCH T\u00c5LAMOD \u00c4R NYCKELN<\/h4>\n<p>T\u00e5lamod \u00e4r nyckeln! F\u00f6r snabbare och mer l\u00e5ngvariga f\u00f6rb\u00e4ttringar \u00e4r t\u00e5lamod och motivation avg\u00f6rande. Om du \u00e4r en ny anv\u00e4ndare av Pjama \u00e4r det bra att ha ditt slutm\u00e5l i \u00e5tanke &#8211; en torr s\u00e4ng utan hj\u00e4lpmedel. Med uppmuntrande feedback och mindre milstolpar blir behandlingen mot nattlig enures mer framg\u00e5ngsrik.<br \/>\nOm du \u00e4r f\u00f6r\u00e4lder till ett barn som anv\u00e4nder Pjamas behandling \u00e4r det ocks\u00e5 viktigt att h\u00e5lla ditt barn motiverat. Ge positiv feedback och komplimanger. Om du \u00e4r motiverad kommer ditt barn ocks\u00e5 att vara det!<\/p>\n<p>\u00a9 2024 Pjama.<\/p>\n","protected":false},"excerpt":{"rendered":"<h3>DryGuardians Mixkit Pojkar<\/h3>\n<p>Detta flexibla och omfattande kit g\u00f6r det m\u00f6jligt f\u00f6r dig att skapa din egen personliga upps\u00e4ttning f\u00f6r effektiv behandling av enures (s\u00e4ngv\u00e4tning).<\/p>\n<p><b>V\u00e4lj antal produkter fr\u00e5n f\u00f6ljande:<\/b><\/p>\n<ul>\n<li style=\"font-weight: 400;\"><span style=\"font-weight: 400;\">Pjama s\u00e4ngv\u00e4tningslarm (1)<\/span><\/li>\n<li style=\"font-weight: 400;\"><span style=\"font-weight: 400;\">Pjama s\u00e4ngv\u00e4tningsshorts<\/span><\/li>\n<li style=\"font-weight: 400;\"><span style=\"font-weight: 400;\">Pjama Boxer s\u00e4ngv\u00e4tning trosor<\/span><\/li>\n<li>DryGuardians App (gratis p\u00e5 <a href=\"https:\/\/play.google.com\/store\/apps\/details?id=com.pjama\">Google Play<\/a> eller <a href=\"https:\/\/apps.apple.com\/us\/app\/pjama\/id1498084664\">App Store<\/a>)<\/li>\n<\/ul>\n<p>De mjuka shortsen med inbyggda sensortr\u00e5dar h\u00e5ller s\u00e4ngen torr och g\u00f6r det m\u00f6jligt att snabbt uppt\u00e4cka urin &#8211; perfekt f\u00f6r b\u00e5de hemmet och resan.<br \/>\nPjama Boxer Bedwetting Briefs uppt\u00e4cker snabbt och effektivt n\u00e4r ditt barn kissar i s\u00e4ngen.<br \/>\nDryGuardians App analyserar data, ger experttips och l\u00e5ter dig f\u00f6lja utvecklingen.<\/p>\n<p><span style=\"font-weight: 400;\">Vi hj\u00e4lper dig att bli av med s\u00e4ngv\u00e4tning!<\/span><\/p>\n","protected":false},"featured_media":8017,"template":"","meta":{"_et_pb_use_builder":"","_et_pb_old_content":"","_et_gb_content_width":"","inline_featured_image":false},"product_brand":[],"product_cat":[125],"product_tag":[],"class_list":{"0":"post-16841","1":"product","2":"type-product","3":"status-publish","4":"has-post-thumbnail","6":"product_cat-sangvatningsbyxor-vuxen","7":"product_shipping_class-eu-sv","9":"first","10":"instock","11":"taxable","12":"shipping-taxable","13":"purchasable","14":"product-type-composite"},"composite_virtual":false,"composite_layout":"single","composite_add_to_cart_form_location":"default","composite_editable_in_cart":false,"composite_sold_individually_context":"product","composite_shop_price_calc":"min_max","composite_components":[{"id":"1743002842","title":"Pjama S\u00e4ngv\u00e4tningslarm","description":"<p>S\u00e4ngv\u00e4tningslarm med sensor och h\u00f6gtalare.<\/p>\n","query_type":"product_ids","query_ids":[17515],"default_option_id":17515,"thumbnail_id":7458,"thumbnail_src":"https:\/\/dryguardians.eu\/wp-content\/uploads\/Pjama-alarm-600x400-1.jpg","quantity_min":1,"quantity_max":1,"priced_individually":true,"shipped_individually":false,"optional":false,"discount":"","options_style":"dropdowns","pagination_style":"classic","display_prices":"absolute","show_sorting_options":false,"show_filtering_options":false,"attribute_filter_ids":[],"select_action":"view","product_title_visible":true,"product_descr_visible":false,"product_price_visible":true,"product_thumb_visible":true,"subtotal_visible_product":false,"subtotal_visible_cart":true,"subtotal_visible_orders":true},{"id":"1743002843","title":"Behandlingsunderkl\u00e4der - Boxer","description":"<p>Behandlingsunderkl\u00e4der med insydda sensortr\u00e5dar. Ej absorberande.<\/p>\n","query_type":"product_ids","query_ids":[17726],"default_option_id":17726,"thumbnail_id":7488,"thumbnail_src":"https:\/\/dryguardians.eu\/wp-content\/uploads\/Treatment-Boxer-underwear-for-pjama-bedwetting-alarm.jpg","quantity_min":2,"quantity_max":6,"priced_individually":true,"shipped_individually":false,"optional":false,"discount":"","options_style":"dropdowns","pagination_style":"classic","display_prices":"absolute","show_sorting_options":false,"show_filtering_options":false,"attribute_filter_ids":[],"select_action":"view","product_title_visible":true,"product_descr_visible":false,"product_price_visible":true,"product_thumb_visible":true,"subtotal_visible_product":false,"subtotal_visible_cart":true,"subtotal_visible_orders":true},{"id":"1743002844","title":"Behandlingsshorts","description":"<p>Absorberande s\u00e4ngv\u00e4tningsshorts. Produkten har insydda sensortr\u00e5dar som du kopplar sensorn till.<\/p>\n","query_type":"product_ids","query_ids":[17477],"default_option_id":17477,"thumbnail_id":7459,"thumbnail_src":"https:\/\/dryguardians.eu\/wp-content\/uploads\/Pjama_treatment_shorts.jpeg","quantity_min":1,"quantity_max":4,"priced_individually":true,"shipped_individually":false,"optional":false,"discount":"","options_style":"dropdowns","pagination_style":"classic","display_prices":"absolute","show_sorting_options":false,"show_filtering_options":false,"attribute_filter_ids":[],"select_action":"view","product_title_visible":true,"product_descr_visible":false,"product_price_visible":true,"product_thumb_visible":true,"subtotal_visible_product":false,"subtotal_visible_cart":true,"subtotal_visible_orders":true}],"composite_scenarios":[],"_links":{"self":[{"href":"https:\/\/dryguardians.eu\/sv\/wp-json\/wp\/v2\/product\/16841","targetHints":{"allow":["GET"]}}],"collection":[{"href":"https:\/\/dryguardians.eu\/sv\/wp-json\/wp\/v2\/product"}],"about":[{"href":"https:\/\/dryguardians.eu\/sv\/wp-json\/wp\/v2\/types\/product"}],"wp:featuredmedia":[{"embeddable":true,"href":"https:\/\/dryguardians.eu\/sv\/wp-json\/wp\/v2\/media\/8017"}],"wp:attachment":[{"href":"https:\/\/dryguardians.eu\/sv\/wp-json\/wp\/v2\/media?parent=16841"}],"wp:term":[{"taxonomy":"product_brand","embeddable":true,"href":"https:\/\/dryguardians.eu\/sv\/wp-json\/wp\/v2\/product_brand?post=16841"},{"taxonomy":"product_cat","embeddable":true,"href":"https:\/\/dryguardians.eu\/sv\/wp-json\/wp\/v2\/product_cat?post=16841"},{"taxonomy":"product_tag","embeddable":true,"href":"https:\/\/dryguardians.eu\/sv\/wp-json\/wp\/v2\/product_tag?post=16841"}],"curies":[{"name":"wp","href":"https:\/\/api.w.org\/{rel}","templated":true}]}}