{"id":9889,"date":"2023-09-15T16:07:23","date_gmt":"2023-09-15T14:07:23","guid":{"rendered":"https:\/\/dryguardians.eu\/sangvatning-byxor-vuxna\/"},"modified":"2025-03-19T15:15:25","modified_gmt":"2025-03-19T14:15:25","slug":"sangvatning-byxor-vuxna","status":"publish","type":"page","link":"https:\/\/dryguardians.eu\/sv\/sangvatning-byxor-vuxna\/","title":{"rendered":"S\u00e4ngv\u00e4tning Byxor Vuxna"},"content":{"rendered":"<p>[et_pb_section fb_built=&#8221;1&#8243; _builder_version=&#8221;4.27.0&#8243; background_color=&#8221;#61A2DF&#8221; use_background_color_gradient=&#8221;on&#8221; background_color_gradient_stops=&#8221;#2b87da 0%|#ffffff 100%&#8221; custom_margin_tablet=&#8221;-60px||||false|false&#8221; custom_margin_last_edited=&#8221;off|desktop&#8221; custom_padding=&#8221;48px|||||&#8221; collapsed=&#8221;on&#8221; global_colors_info=&#8221;{}&#8221;][et_pb_row _builder_version=&#8221;4.27.0&#8243; _module_preset=&#8221;default&#8221; global_colors_info=&#8221;{}&#8221;][et_pb_column type=&#8221;4_4&#8243; _builder_version=&#8221;4.27.0&#8243; _module_preset=&#8221;default&#8221; global_colors_info=&#8221;{}&#8221;][et_pb_text _builder_version=&#8221;4.27.0&#8243; _module_preset=&#8221;default&#8221; header_text_color=&#8221;#FFFFFF&#8221; header_3_text_color=&#8221;#FFFFFF&#8221; global_colors_info=&#8221;{}&#8221;]<\/p>\n<h1>Byxor f\u00f6r s\u00e4ngv\u00e4tning<\/h1>\n<h3>F\u00f6r n\u00e4r du sover borta fr\u00e5n hemmet eller anv\u00e4nda ist\u00e4llet f\u00f6r madrasskydd<\/h3>\n<p>[\/et_pb_text][\/et_pb_column][\/et_pb_row][\/et_pb_section][et_pb_section fb_built=&#8221;1&#8243; _builder_version=&#8221;4.27.0&#8243; background_color=&#8221;#FFFFFF&#8221; custom_margin_tablet=&#8221;-60px||||false|false&#8221; custom_margin_last_edited=&#8221;off|desktop&#8221; custom_padding=&#8221;48px|||||&#8221; collapsed=&#8221;on&#8221; global_colors_info=&#8221;{}&#8221;][et_pb_row column_structure=&#8221;1_2,1_2&#8243; custom_padding_last_edited=&#8221;on|phone&#8221; _builder_version=&#8221;4.27.0&#8243; background_size=&#8221;initial&#8221; background_position=&#8221;top_left&#8221; background_repeat=&#8221;repeat&#8221; custom_padding=&#8221;||||false|false&#8221; custom_padding_tablet=&#8221;||60px||false|false&#8221; custom_padding_phone=&#8221;&#8221; border_radii=&#8221;on|7px|7px|7px|7px&#8221; global_colors_info=&#8221;{}&#8221;][et_pb_column type=&#8221;1_2&#8243; _builder_version=&#8221;4.16&#8243; custom_padding=&#8221;|||&#8221; global_colors_info=&#8221;{}&#8221; custom_padding__hover=&#8221;|||&#8221;][et_pb_code _builder_version=&#8221;4.27.0&#8243; _module_preset=&#8221;default&#8221; global_colors_info=&#8221;{}&#8221;]<video width=\"100%\" playsinline controls loop muted autoplay><!-- [et_pb_line_break_holder] --><source src=\"https:\/\/dryguardians.eu\/wp-content\/uploads\/Pjama-for-bedwetters-US.mp4\" type=\"video\/mp4\"><\/source>[\/et_pb_code][\/et_pb_column][et_pb_column type=&#8221;1_2&#8243; _builder_version=&#8221;4.16&#8243; custom_padding=&#8221;|||&#8221; global_colors_info=&#8221;{}&#8221; custom_padding__hover=&#8221;|||&#8221;][et_pb_text _builder_version=&#8221;4.27.0&#8243; header_2_text_color=&#8221;#61a2df&#8221; width=&#8221;100%&#8221; max_width=&#8221;100%&#8221; custom_margin=&#8221;||||false|false&#8221; custom_padding=&#8221;||||false|false&#8221; global_colors_info=&#8221;{}&#8221;]<\/p>\n<h3><span style=\"color: #1f448b;\">SKA DU SOVA BORTA? ELLER TR\u00d6TT P\u00c5 ATT B\u00c4DDA OM S\u00c4NGEN? <\/span><\/h3>\n<p><span>Med Pjamas mjuka, bekv\u00e4ma, vattent\u00e4ta och absorberande pyjamasbyxor eller shorts kan du k\u00e4nna dig trygg. Produkterna kan h\u00e5lla en stor m\u00e4ngd v\u00e4tska utan att l\u00e4cka. En diskret och enkel l\u00f6sning f\u00f6r att h\u00e5lla s\u00e4ngen torr b\u00e5de hemma och n\u00e4r du \u00f6vernattar utanf\u00f6r hemmet. Rostfria produkter som ser ut och k\u00e4nns som vanliga pyjamasbyxor.   <\/span><\/p>\n<p>Pjama erbjuder tv\u00e5 typer av absorberande pyjamasar; s\u00e4ngv\u00e4tningsbyxor och shorts utan larmsensorer (bl\u00e5) och behandlingsbyxor med insydda sensorer som kan anv\u00e4ndas med eller utan larm (gr\u00e5)<span><\/span><\/p>\n<p><span><\/span><\/p>\n<p>[\/et_pb_text][\/et_pb_column][\/et_pb_row][\/et_pb_section][et_pb_section fb_built=&#8221;1&#8243; _builder_version=&#8221;4.27.0&#8243; background_color=&#8221;#FFFFFF&#8221; custom_margin_tablet=&#8221;-60px||||false|false&#8221; custom_margin_last_edited=&#8221;off|desktop&#8221; custom_padding=&#8221;48px|||||&#8221; collapsed=&#8221;on&#8221; global_colors_info=&#8221;{}&#8221;][et_pb_row custom_padding_last_edited=&#8221;on|phone&#8221; _builder_version=&#8221;4.19.3&#8243; background_size=&#8221;initial&#8221; background_position=&#8221;top_left&#8221; background_repeat=&#8221;repeat&#8221; custom_margin=&#8221;5%||||false|false&#8221; custom_padding=&#8221;0px||60px|||&#8221; custom_padding_tablet=&#8221;||60px||false|false&#8221; custom_padding_phone=&#8221;&#8221; global_colors_info=&#8221;{}&#8221;][et_pb_column type=&#8221;4_4&#8243; _builder_version=&#8221;4.16&#8243; custom_padding=&#8221;|||&#8221; global_colors_info=&#8221;{}&#8221; custom_padding__hover=&#8221;|||&#8221;][et_pb_shop type=&#8221;product_category&#8221; include_categories=&#8221;20&#8243; icon_hover_color=&#8221;RGBA(255,255,255,0)&#8221; hover_overlay_color=&#8221;rgba(31,68,139,0.5)&#8221; _builder_version=&#8221;4.27.0&#8243; _module_preset=&#8221;default&#8221; border_radii=&#8221;on|7px|7px|7px|7px&#8221; global_colors_info=&#8221;{}&#8221;][\/et_pb_shop][et_pb_button button_url=&#8221;https:\/\/dryguardians.eu\/sv\/sangvatning\/&#8221; button_text=&#8221;TILLBAKA TILL WEBBSHOPPEN&#8221; button_alignment=&#8221;center&#8221; _builder_version=&#8221;4.27.0&#8243; _module_preset=&#8221;default&#8221; custom_button=&#8221;on&#8221; button_border_radius=&#8221;7px&#8221; hover_enabled=&#8221;0&#8243; box_shadow_style=&#8221;preset3&#8243; box_shadow_color=&#8221;#61A2DF&#8221; global_colors_info=&#8221;{}&#8221; sticky_enabled=&#8221;0&#8243;][\/et_pb_button][\/et_pb_column][\/et_pb_row][\/et_pb_section]<\/p>\n","protected":false},"excerpt":{"rendered":"<p>Byxor, underkl\u00e4der och larm f\u00f6r enures hos vuxna som kissar i s\u00e4ngen. G\u00f6r ditt liv enklare med v\u00e5ra produkter f\u00f6r s\u00e4ngv\u00e4tning. <\/p>\n","protected":false},"author":33,"featured_media":0,"parent":0,"menu_order":0,"comment_status":"closed","ping_status":"closed","template":"","meta":{"_et_pb_use_builder":"on","_et_pb_old_content":"","_et_gb_content_width":"","inline_featured_image":false,"footnotes":""},"class_list":["post-9889","page","type-page","status-publish","hentry"],"_links":{"self":[{"href":"https:\/\/dryguardians.eu\/sv\/wp-json\/wp\/v2\/pages\/9889","targetHints":{"allow":["GET"]}}],"collection":[{"href":"https:\/\/dryguardians.eu\/sv\/wp-json\/wp\/v2\/pages"}],"about":[{"href":"https:\/\/dryguardians.eu\/sv\/wp-json\/wp\/v2\/types\/page"}],"author":[{"embeddable":true,"href":"https:\/\/dryguardians.eu\/sv\/wp-json\/wp\/v2\/users\/33"}],"replies":[{"embeddable":true,"href":"https:\/\/dryguardians.eu\/sv\/wp-json\/wp\/v2\/comments?post=9889"}],"version-history":[{"count":9,"href":"https:\/\/dryguardians.eu\/sv\/wp-json\/wp\/v2\/pages\/9889\/revisions"}],"predecessor-version":[{"id":20084,"href":"https:\/\/dryguardians.eu\/sv\/wp-json\/wp\/v2\/pages\/9889\/revisions\/20084"}],"wp:attachment":[{"href":"https:\/\/dryguardians.eu\/sv\/wp-json\/wp\/v2\/media?parent=9889"}],"curies":[{"name":"wp","href":"https:\/\/api.w.org\/{rel}","templated":true}]}}