{"id":9810,"date":"2022-12-15T16:55:41","date_gmt":"2022-12-15T15:55:41","guid":{"rendered":"https:\/\/dryguardians.eu\/tillbehor-till-sangvatningslarm\/"},"modified":"2025-03-19T15:35:26","modified_gmt":"2025-03-19T14:35:26","slug":"tillbehor-till-sangvatningslarm","status":"publish","type":"page","link":"https:\/\/dryguardians.eu\/sv\/tillbehor-till-sangvatningslarm\/","title":{"rendered":"Tillbeh\u00f6r till s\u00e4ngv\u00e4tningslarm"},"content":{"rendered":"<p>[et_pb_section fb_built=&#8221;1&#8243; _builder_version=&#8221;4.27.0&#8243; background_color=&#8221;#61A2DF&#8221; use_background_color_gradient=&#8221;on&#8221; background_color_gradient_stops=&#8221;#2b87da 0%|#ffffff 100%&#8221; custom_margin_tablet=&#8221;-60px||||false|false&#8221; custom_margin_last_edited=&#8221;off|desktop&#8221; custom_padding=&#8221;48px|||||&#8221; hover_enabled=&#8221;0&#8243; collapsed=&#8221;off&#8221; global_colors_info=&#8221;{}&#8221; title_text=&#8221;DryGuardians_choose alarm (2)&#8221; background_image=&#8221;https:\/\/dryguardians.eu\/wp-content\/uploads\/DryGuardians_choose-alarm-2.jpg&#8221; sticky_enabled=&#8221;0&#8243;][et_pb_row custom_padding_last_edited=&#8221;on|phone&#8221; _builder_version=&#8221;4.19.3&#8243; background_size=&#8221;initial&#8221; background_position=&#8221;top_left&#8221; background_repeat=&#8221;repeat&#8221; custom_padding=&#8221;||||false|false&#8221; custom_padding_tablet=&#8221;||60px||false|false&#8221; custom_padding_phone=&#8221;&#8221; border_radii=&#8221;on|7px|7px|7px|7px&#8221; global_colors_info=&#8221;{}&#8221; column_structure=&#8221;1_2,1_2&#8243;][et_pb_column type=&#8221;1_2&#8243; _builder_version=&#8221;4.16&#8243; custom_padding=&#8221;|||&#8221; global_colors_info=&#8221;{}&#8221; custom_padding__hover=&#8221;|||&#8221;][\/et_pb_column][et_pb_column type=&#8221;1_2&#8243; _builder_version=&#8221;4.16&#8243; custom_padding=&#8221;|||&#8221; global_colors_info=&#8221;{}&#8221; custom_padding__hover=&#8221;|||&#8221;][et_pb_heading title=&#8221;LARM F\u00d6R S\u00c4NGV\u00c4TNING&#8221; _builder_version=&#8221;4.27.0&#8243; _module_preset=&#8221;default&#8221; title_font=&#8221;IBM Plex Sans Condensed|700|||||||&#8221; title_text_color=&#8221;#FFFFFF&#8221; title_font_size=&#8221;18px&#8221; title_text_shadow_style=&#8221;preset1&#8243; hover_enabled=&#8221;0&#8243; sticky_enabled=&#8221;0&#8243; title_text_align=&#8221;center&#8221;][\/et_pb_heading][et_pb_heading title=&#8221;Tillbeh\u00f6r&#8221; _builder_version=&#8221;4.27.0&#8243; _module_preset=&#8221;default&#8221; title_font=&#8221;IBM Plex Sans Condensed||||||||&#8221; title_text_align=&#8221;center&#8221; title_font_size=&#8221;55px&#8221; title_text_color=&#8221;#FFFFFF&#8221; title_text_shadow_style=&#8221;preset1&#8243; hover_enabled=&#8221;0&#8243; sticky_enabled=&#8221;0&#8243;][\/et_pb_heading][\/et_pb_column][\/et_pb_row][\/et_pb_section][et_pb_section fb_built=&#8221;1&#8243; _builder_version=&#8221;4.27.0&#8243; background_color=&#8221;#FFFFFF&#8221; custom_margin_tablet=&#8221;-60px||||false|false&#8221; custom_margin_last_edited=&#8221;off|desktop&#8221; custom_padding=&#8221;48px|||||&#8221; collapsed=&#8221;off&#8221; global_colors_info=&#8221;{}&#8221;][et_pb_row custom_padding_last_edited=&#8221;on|phone&#8221; _builder_version=&#8221;4.27.0&#8243; background_size=&#8221;initial&#8221; background_position=&#8221;top_left&#8221; background_repeat=&#8221;repeat&#8221; custom_padding=&#8221;||||false|false&#8221; custom_padding_tablet=&#8221;||60px||false|false&#8221; custom_padding_phone=&#8221;&#8221; border_radii=&#8221;on|7px|7px|7px|7px&#8221; global_colors_info=&#8221;{}&#8221;][et_pb_column type=&#8221;4_4&#8243; _builder_version=&#8221;4.16&#8243; custom_padding=&#8221;|||&#8221; global_colors_info=&#8221;{}&#8221; custom_padding__hover=&#8221;|||&#8221;][et_pb_shop type=&#8221;product_category&#8221; include_categories=&#8221;43&#8243; icon_hover_color=&#8221;RGBA(255,255,255,0)&#8221; hover_overlay_color=&#8221;rgba(31,68,139,0.5)&#8221; _builder_version=&#8221;4.27.0&#8243; _module_preset=&#8221;default&#8221; border_radii=&#8221;on|7px|7px|7px|7px&#8221; global_colors_info=&#8221;{}&#8221;][\/et_pb_shop][et_pb_button button_url=&#8221;https:\/\/dryguardians.eu\/sv\/sangvatning\/&#8221; button_text=&#8221;TILLBAKA TILL WEBBSHOPPEN&#8221; button_alignment=&#8221;center&#8221; _builder_version=&#8221;4.27.0&#8243; _module_preset=&#8221;default&#8221; custom_button=&#8221;on&#8221; button_border_radius=&#8221;7px&#8221; box_shadow_style=&#8221;preset3&#8243; box_shadow_color=&#8221;#61A2DF&#8221; global_colors_info=&#8221;{}&#8221;][\/et_pb_button][\/et_pb_column][\/et_pb_row][\/et_pb_section]<\/p>\n","protected":false},"excerpt":{"rendered":"","protected":false},"author":6,"featured_media":0,"parent":0,"menu_order":0,"comment_status":"closed","ping_status":"closed","template":"","meta":{"_et_pb_use_builder":"on","_et_pb_old_content":"","_et_gb_content_width":"","inline_featured_image":false,"footnotes":""},"class_list":["post-9810","page","type-page","status-publish","hentry"],"_links":{"self":[{"href":"https:\/\/dryguardians.eu\/sv\/wp-json\/wp\/v2\/pages\/9810","targetHints":{"allow":["GET"]}}],"collection":[{"href":"https:\/\/dryguardians.eu\/sv\/wp-json\/wp\/v2\/pages"}],"about":[{"href":"https:\/\/dryguardians.eu\/sv\/wp-json\/wp\/v2\/types\/page"}],"author":[{"embeddable":true,"href":"https:\/\/dryguardians.eu\/sv\/wp-json\/wp\/v2\/users\/6"}],"replies":[{"embeddable":true,"href":"https:\/\/dryguardians.eu\/sv\/wp-json\/wp\/v2\/comments?post=9810"}],"version-history":[{"count":4,"href":"https:\/\/dryguardians.eu\/sv\/wp-json\/wp\/v2\/pages\/9810\/revisions"}],"predecessor-version":[{"id":10028,"href":"https:\/\/dryguardians.eu\/sv\/wp-json\/wp\/v2\/pages\/9810\/revisions\/10028"}],"wp:attachment":[{"href":"https:\/\/dryguardians.eu\/sv\/wp-json\/wp\/v2\/media?parent=9810"}],"curies":[{"name":"wp","href":"https:\/\/api.w.org\/{rel}","templated":true}]}}