{"id":9807,"date":"2024-09-05T08:55:29","date_gmt":"2024-09-05T06:55:29","guid":{"rendered":"https:\/\/dryguardians.eu\/sangvatning\/"},"modified":"2025-03-19T15:13:01","modified_gmt":"2025-03-19T14:13:01","slug":"sangvatning","status":"publish","type":"page","link":"https:\/\/dryguardians.eu\/sv\/sangvatning\/","title":{"rendered":"S\u00e4ngv\u00e4tning"},"content":{"rendered":"<p>[et_pb_section fb_built=&#8221;1&#8243; _builder_version=&#8221;4.27.0&#8243; _module_preset=&#8221;default&#8221; background_image=&#8221;https:\/\/dryguardians.eu\/wp-content\/uploads\/DryGuardians_night-2.jpg&#8221; global_colors_info=&#8221;{}&#8221; da_is_popup=&#8221;off&#8221; da_exit_intent=&#8221;off&#8221; da_has_close=&#8221;on&#8221; da_alt_close=&#8221;off&#8221; da_dark_close=&#8221;off&#8221; da_not_modal=&#8221;on&#8221; da_is_singular=&#8221;off&#8221; da_with_loader=&#8221;off&#8221; da_has_shadow=&#8221;on&#8221; da_disable_devices=&#8221;off|off|off&#8221;][et_pb_row _builder_version=&#8221;4.27.0&#8243; _module_preset=&#8221;default&#8221; global_colors_info=&#8221;{}&#8221;][et_pb_column type=&#8221;4_4&#8243; _builder_version=&#8221;4.27.0&#8243; _module_preset=&#8221;default&#8221; background_color=&#8221;RGBA(255,255,255,0)&#8221; custom_padding=&#8221;10px||10px||false|false&#8221; link_option_url=&#8221;https:\/\/dryguardians.eu\/sv\/sangvatning\/&#8221; border_radii=&#8221;on|6px|6px|6px|6px&#8221; global_colors_info=&#8221;{}&#8221;][et_pb_heading title=&#8221;Produkter f\u00f6r s\u00e4ngv\u00e4tning nattetid&#8221; _builder_version=&#8221;4.27.0&#8243; _module_preset=&#8221;default&#8221; title_font=&#8221;IBM Plex Sans||||||||&#8221; title_text_align=&#8221;center&#8221; title_text_color=&#8221;#FFFFFF&#8221; title_font_size=&#8221;35px&#8221; title_text_shadow_style=&#8221;preset1&#8243; global_colors_info=&#8221;{}&#8221;][\/et_pb_heading][\/et_pb_column][\/et_pb_row][et_pb_row column_structure=&#8221;1_5,1_5,1_5,1_5,1_5&#8243; _builder_version=&#8221;4.27.0&#8243; _module_preset=&#8221;default&#8221; border_radii=&#8221;on|6px|6px|6px|6px&#8221; global_colors_info=&#8221;{}&#8221;][et_pb_column type=&#8221;1_5&#8243; _builder_version=&#8221;4.27.0&#8243; _module_preset=&#8221;default&#8221; background_color=&#8221;gcid-primary-color&#8221; background_enable_image=&#8221;off&#8221; custom_padding=&#8221;15px||15px||false|false&#8221; link_option_url=&#8221;https:\/\/dryguardians.eu\/sv\/alarm-for-sangvatning\/&#8221; border_radii=&#8221;on|6px|6px|6px|6px&#8221; box_shadow_style=&#8221;preset2&#8243; global_colors_info=&#8221;{%22gcid-primary-color%22:%91%22background_color%22%93}&#8221;][et_pb_blurb title=&#8221;LARM F\u00d6R S\u00c4NGV\u00c4TNING&#8221; _builder_version=&#8221;4.27.0&#8243; _module_preset=&#8221;default&#8221; header_font=&#8221;IBM Plex Sans Condensed|700|||||||&#8221; header_text_color=&#8221;#FFFFFF&#8221; body_font=&#8221;IBM Plex Sans||||||||&#8221; body_text_color=&#8221;#FFFFFF&#8221; text_orientation=&#8221;center&#8221; text_shadow_style=&#8221;preset1&#8243; global_colors_info=&#8221;{}&#8221;]<\/p>\n<p>DryGuardians ing\u00e5r<\/p>\n<p>[\/et_pb_blurb][\/et_pb_column][et_pb_column type=&#8221;1_5&#8243; _builder_version=&#8221;4.27.0&#8243; _module_preset=&#8221;default&#8221; background_color=&#8221;#61a2df&#8221; custom_padding=&#8221;15px||15px||false|false&#8221; border_radii=&#8221;on|6px|6px|6px|6px&#8221; global_colors_info=&#8221;{}&#8221;][et_pb_blurb title=&#8221;LARM F\u00d6R S\u00c4NGV\u00c4TNING  &#8221; url=&#8221;https:\/\/dryguardians.eu\/sv\/tillbehor-till-sangvatningslarm\/&#8221; _builder_version=&#8221;4.27.0&#8243; _module_preset=&#8221;default&#8221; header_font=&#8221;IBM Plex Sans Condensed|700|||||||&#8221; header_text_color=&#8221;#FFFFFF&#8221; body_font=&#8221;IBM Plex Sans||||||||&#8221; body_text_color=&#8221;#FFFFFF&#8221; text_orientation=&#8221;center&#8221; text_shadow_style=&#8221;preset1&#8243; global_colors_info=&#8221;{}&#8221;]Tillbeh\u00f6r[\/et_pb_blurb][\/et_pb_column][et_pb_column type=&#8221;1_5&#8243; _builder_version=&#8221;4.27.0&#8243; _module_preset=&#8221;default&#8221; background_color=&#8221;gcid-primary-color&#8221; custom_padding=&#8221;15px||15px||false|false&#8221; link_option_url=&#8221;https:\/\/dryguardians.eu\/sv\/vatbyxor-for-sangvatning\/&#8221; border_radii=&#8221;on|6px|6px|6px|6px&#8221; box_shadow_style=&#8221;preset2&#8243; global_colors_info=&#8221;{%22gcid-primary-color%22:%91%22background_color%22%93}&#8221;][et_pb_blurb title=&#8221;S\u00c4NGV\u00c4TNINGSBYXOR&#8221; _builder_version=&#8221;4.27.0&#8243; _module_preset=&#8221;default&#8221; header_font=&#8221;IBM Plex Sans Condensed|700|||||||&#8221; header_text_color=&#8221;#FFFFFF&#8221; body_font=&#8221;IBM Plex Sans||||||||&#8221; body_text_color=&#8221;#FFFFFF&#8221; text_orientation=&#8221;center&#8221; text_shadow_style=&#8221;preset1&#8243; global_colors_info=&#8221;{}&#8221;]<\/p>\n<p>F\u00f6r barn<\/p>\n<p>[\/et_pb_blurb][\/et_pb_column][et_pb_column type=&#8221;1_5&#8243; _builder_version=&#8221;4.27.0&#8243; _module_preset=&#8221;default&#8221; background_color=&#8221;gcid-primary-color&#8221; custom_padding=&#8221;15px||15px||false|false&#8221; link_option_url=&#8221;https:\/\/dryguardians.eu\/sv\/sangvatning-byxor-vuxna\/&#8221; border_radii=&#8221;on|6px|6px|6px|6px&#8221; box_shadow_style=&#8221;preset2&#8243; global_colors_info=&#8221;{%22gcid-primary-color%22:%91%22background_color%22%93}&#8221;][et_pb_blurb title=&#8221;S\u00c4NGV\u00c4TNINGSBYXOR&#8221; _builder_version=&#8221;4.27.0&#8243; _module_preset=&#8221;default&#8221; header_font=&#8221;IBM Plex Sans Condensed|700|||||||&#8221; header_text_color=&#8221;#FFFFFF&#8221; body_font=&#8221;IBM Plex Sans||||||||&#8221; body_text_color=&#8221;#FFFFFF&#8221; text_orientation=&#8221;center&#8221; text_shadow_style=&#8221;preset1&#8243; global_colors_info=&#8221;{}&#8221;]<\/p>\n<p>F\u00f6r vuxna<\/p>\n<p>[\/et_pb_blurb][\/et_pb_column][et_pb_column type=&#8221;1_5&#8243; _builder_version=&#8221;4.27.0&#8243; _module_preset=&#8221;default&#8221; background_color=&#8221;gcid-primary-color&#8221; custom_padding=&#8221;15px||15px||false|false&#8221; link_option_url=&#8221;https:\/\/dryguardians.eu\/sv\/skydd-av-sangklader\/&#8221; border_radii=&#8221;on|6px|6px|6px|6px&#8221; box_shadow_style=&#8221;preset2&#8243; global_colors_info=&#8221;{%22gcid-primary-color%22:%91%22background_color%22%93}&#8221;][et_pb_blurb title=&#8221;SKYDDANDE S\u00c4NGKL\u00c4DER&#8221; _builder_version=&#8221;4.27.0&#8243; _module_preset=&#8221;default&#8221; header_font=&#8221;IBM Plex Sans Condensed|700|||||||&#8221; header_text_color=&#8221;#FFFFFF&#8221; body_font=&#8221;IBM Plex Sans||||||||&#8221; body_text_color=&#8221;#FFFFFF&#8221; text_orientation=&#8221;center&#8221; text_shadow_style=&#8221;preset1&#8243; global_colors_info=&#8221;{}&#8221;]<\/p>\n<p>Lakan, p\u00e5slakan<\/p>\n<p>[\/et_pb_blurb][\/et_pb_column][\/et_pb_row][\/et_pb_section]<\/p>\n","protected":false},"excerpt":{"rendered":"<p>DryGuardians ing\u00e5rTillbeh\u00f6rF\u00f6r barnF\u00f6r vuxnaLakan, p\u00e5slakan<\/p>\n","protected":false},"author":6,"featured_media":0,"parent":0,"menu_order":0,"comment_status":"closed","ping_status":"closed","template":"","meta":{"_et_pb_use_builder":"on","_et_pb_old_content":"","_et_gb_content_width":"","inline_featured_image":false,"footnotes":""},"class_list":["post-9807","page","type-page","status-publish","hentry"],"_links":{"self":[{"href":"https:\/\/dryguardians.eu\/sv\/wp-json\/wp\/v2\/pages\/9807","targetHints":{"allow":["GET"]}}],"collection":[{"href":"https:\/\/dryguardians.eu\/sv\/wp-json\/wp\/v2\/pages"}],"about":[{"href":"https:\/\/dryguardians.eu\/sv\/wp-json\/wp\/v2\/types\/page"}],"author":[{"embeddable":true,"href":"https:\/\/dryguardians.eu\/sv\/wp-json\/wp\/v2\/users\/6"}],"replies":[{"embeddable":true,"href":"https:\/\/dryguardians.eu\/sv\/wp-json\/wp\/v2\/comments?post=9807"}],"version-history":[{"count":4,"href":"https:\/\/dryguardians.eu\/sv\/wp-json\/wp\/v2\/pages\/9807\/revisions"}],"predecessor-version":[{"id":10024,"href":"https:\/\/dryguardians.eu\/sv\/wp-json\/wp\/v2\/pages\/9807\/revisions\/10024"}],"wp:attachment":[{"href":"https:\/\/dryguardians.eu\/sv\/wp-json\/wp\/v2\/media?parent=9807"}],"curies":[{"name":"wp","href":"https:\/\/api.w.org\/{rel}","templated":true}]}}