{"id":9801,"date":"2022-12-15T14:55:12","date_gmt":"2022-12-15T13:55:12","guid":{"rendered":"https:\/\/dryguardians.eu\/alarm-for-sangvatning\/"},"modified":"2025-03-19T15:33:52","modified_gmt":"2025-03-19T14:33:52","slug":"alarm-for-sangvatning","status":"publish","type":"page","link":"https:\/\/dryguardians.eu\/sv\/alarm-for-sangvatning\/","title":{"rendered":"Larm f\u00f6r s\u00e4ngv\u00e4tning"},"content":{"rendered":"<p>[et_pb_section fb_built=&#8221;1&#8243; _builder_version=&#8221;4.27.0&#8243; background_color=&#8221;#61A2DF&#8221; use_background_color_gradient=&#8221;on&#8221; background_color_gradient_stops=&#8221;#2b87da 0%|#ffffff 100%&#8221; background_image=&#8221;https:\/\/dryguardians.eu\/wp-content\/uploads\/DryGuardians_choose-alarm-2.jpg&#8221; custom_margin_tablet=&#8221;-60px||||false|false&#8221; custom_margin_last_edited=&#8221;off|desktop&#8221; custom_padding=&#8221;48px|||||&#8221; da_disable_devices=&#8221;off|off|off&#8221; collapsed=&#8221;on&#8221; global_colors_info=&#8221;{}&#8221; da_is_popup=&#8221;off&#8221; da_exit_intent=&#8221;off&#8221; da_has_close=&#8221;on&#8221; da_alt_close=&#8221;off&#8221; da_dark_close=&#8221;off&#8221; da_not_modal=&#8221;on&#8221; da_is_singular=&#8221;off&#8221; da_with_loader=&#8221;off&#8221; da_has_shadow=&#8221;on&#8221;][et_pb_row column_structure=&#8221;1_2,1_2&#8243; _builder_version=&#8221;4.27.0&#8243; _module_preset=&#8221;default&#8221; global_colors_info=&#8221;{}&#8221;][et_pb_column type=&#8221;1_2&#8243; _builder_version=&#8221;4.27.0&#8243; _module_preset=&#8221;default&#8221; global_colors_info=&#8221;{}&#8221;][\/et_pb_column][et_pb_column type=&#8221;1_2&#8243; _builder_version=&#8221;4.27.0&#8243; _module_preset=&#8221;default&#8221; global_colors_info=&#8221;{}&#8221;][et_pb_heading title=&#8221;Alarm f\u00f6r s\u00e4ngv\u00e4tning&#8221; _builder_version=&#8221;4.27.0&#8243; _module_preset=&#8221;default&#8221; title_font=&#8221;IBM Plex Sans Condensed||||||||&#8221; title_text_align=&#8221;center&#8221; title_text_color=&#8221;#FFFFFF&#8221; title_font_size=&#8221;65px&#8221; title_text_shadow_style=&#8221;preset1&#8243; global_colors_info=&#8221;{}&#8221;][\/et_pb_heading][et_pb_text _builder_version=&#8221;4.27.0&#8243; _module_preset=&#8221;default&#8221; text_font=&#8221;IBM Plex Sans||||||||&#8221; text_text_color=&#8221;#FFFFFF&#8221; text_font_size=&#8221;18px&#8221; text_orientation=&#8221;center&#8221; text_text_shadow_style=&#8221;preset1&#8243; global_colors_info=&#8221;{}&#8221;]<\/p>\n<p>Alla s\u00e4ngv\u00e4tningslarm inkluderar DryGuardians behandlingstj\u00e4nst<\/p>\n<p>[\/et_pb_text][\/et_pb_column][\/et_pb_row][\/et_pb_section][et_pb_section fb_built=&#8221;1&#8243; _builder_version=&#8221;4.27.0&#8243; _module_preset=&#8221;default&#8221; da_disable_devices=&#8221;off|off|off&#8221; global_colors_info=&#8221;{}&#8221; da_is_popup=&#8221;off&#8221; da_exit_intent=&#8221;off&#8221; da_has_close=&#8221;on&#8221; da_alt_close=&#8221;off&#8221; da_dark_close=&#8221;off&#8221; da_not_modal=&#8221;on&#8221; da_is_singular=&#8221;off&#8221; da_with_loader=&#8221;off&#8221; da_has_shadow=&#8221;on&#8221;][et_pb_row column_structure=&#8221;3_5,2_5&#8243; _builder_version=&#8221;4.27.0&#8243; _module_preset=&#8221;default&#8221; global_colors_info=&#8221;{}&#8221;][et_pb_column type=&#8221;3_5&#8243; _builder_version=&#8221;4.27.0&#8243; _module_preset=&#8221;default&#8221; global_colors_info=&#8221;{}&#8221;][et_pb_heading title=&#8221;DryGuardians App ing\u00e5r!&#8221; _builder_version=&#8221;4.27.0&#8243; _module_preset=&#8221;default&#8221; title_font=&#8221;IBM Plex Sans Condensed||||||||&#8221; title_text_align=&#8221;center&#8221; title_text_color=&#8221;#000000&#8243; title_font_size=&#8221;35px&#8221; global_colors_info=&#8221;{}&#8221;][\/et_pb_heading][et_pb_text _builder_version=&#8221;4.27.0&#8243; _module_preset=&#8221;default&#8221; text_font=&#8221;IBM Plex Sans||||||||&#8221; text_orientation=&#8221;center&#8221; global_colors_info=&#8221;{}&#8221;]<\/p>\n<p>DryGuardians-appen analyserar dina data dagligen f\u00f6r att v\u00e4gleda din behandling av s\u00e4ngv\u00e4tning och erbjuder experttips och personlig r\u00e5dgivning.<\/p>\n<p>Appen \u00e4r utvecklad tillsammans med ledande experter p\u00e5 s\u00e4ngv\u00e4tning och den svenska sjukv\u00e5rden, appen fungerar tillsammans med ditt s\u00e4ngv\u00e4tningslarm. Alla larm har tj\u00e4nsten inkluderad. <\/p>\n<p>[\/et_pb_text][et_pb_button button_text=&#8221;L\u00c4S MER&#8221; button_alignment=&#8221;center&#8221; _builder_version=&#8221;4.27.4&#8243; _module_preset=&#8221;default&#8221; hover_enabled=&#8221;0&#8243; box_shadow_style=&#8221;preset2&#8243; global_colors_info=&#8221;{}&#8221; button_url=&#8221;https:\/\/dryguardians.eu\/sv\/dryguardians-app\/&#8221; sticky_enabled=&#8221;0&#8243;][\/et_pb_button][\/et_pb_column][et_pb_column type=&#8221;2_5&#8243; _builder_version=&#8221;4.27.0&#8243; _module_preset=&#8221;default&#8221; global_colors_info=&#8221;{}&#8221;][et_pb_image src=&#8221;https:\/\/dryguardians.eu\/wp-content\/uploads\/5-2-2.png&#8221; title_text=&#8221;5 (2) (2)&#8221; align=&#8221;center&#8221; _builder_version=&#8221;4.27.0&#8243; _module_preset=&#8221;default&#8221; global_colors_info=&#8221;{}&#8221;][\/et_pb_image][\/et_pb_column][\/et_pb_row][\/et_pb_section][et_pb_section fb_built=&#8221;1&#8243; _builder_version=&#8221;4.27.0&#8243; background_color=&#8221;gcid-primary-color&#8221; custom_margin_tablet=&#8221;-60px||||false|false&#8221; custom_margin_last_edited=&#8221;off|desktop&#8221; custom_padding=&#8221;48px|||||&#8221; da_disable_devices=&#8221;off|off|off&#8221; collapsed=&#8221;on&#8221; global_colors_info=&#8221;{%22gcid-primary-color%22:%91%22background_color%22%93}&#8221; da_is_popup=&#8221;off&#8221; da_exit_intent=&#8221;off&#8221; da_has_close=&#8221;on&#8221; da_alt_close=&#8221;off&#8221; da_dark_close=&#8221;off&#8221; da_not_modal=&#8221;on&#8221; da_is_singular=&#8221;off&#8221; da_with_loader=&#8221;off&#8221; da_has_shadow=&#8221;on&#8221;][et_pb_row custom_padding_last_edited=&#8221;on|phone&#8221; _builder_version=&#8221;4.27.0&#8243; background_size=&#8221;initial&#8221; background_position=&#8221;top_left&#8221; background_repeat=&#8221;repeat&#8221; custom_margin=&#8221;30px||||false|false&#8221; custom_padding=&#8221;||||false|false&#8221; custom_padding_tablet=&#8221;||60px||false|false&#8221; custom_padding_phone=&#8221;&#8221; border_radii=&#8221;on|7px|7px|7px|7px&#8221; box_shadow_style=&#8221;preset3&#8243; box_shadow_color=&#8221;#61A2DF&#8221; global_colors_info=&#8221;{}&#8221;][et_pb_column type=&#8221;4_4&#8243; _builder_version=&#8221;4.16&#8243; custom_padding=&#8221;|||&#8221; global_colors_info=&#8221;{}&#8221; custom_padding__hover=&#8221;|||&#8221;][et_pb_heading title=&#8221;Vilket s\u00e4ngv\u00e4tningslarm \u00e4r b\u00e4st f\u00f6r mig?&#8221; _builder_version=&#8221;4.27.0&#8243; _module_preset=&#8221;default&#8221; title_font=&#8221;IBM Plex Sans Condensed||||||||&#8221; title_text_align=&#8221;center&#8221; title_text_color=&#8221;#FFFFFF&#8221; title_text_shadow_style=&#8221;preset1&#8243; global_colors_info=&#8221;{}&#8221;][\/et_pb_heading][et_pb_toggle title=&#8221;Kissar i s\u00e4ngen ofta?&#8221; open_toggle_text_color=&#8221;#000000&#8243; icon_color=&#8221;#1F448B&#8221; _builder_version=&#8221;4.27.0&#8243; _module_preset=&#8221;default&#8221; title_text_color=&#8221;#000000&#8243; title_level=&#8221;h4&#8243; title_font=&#8221;IBM Plex Sans|600|||||||&#8221; body_font=&#8221;IBM Plex Sans||||||||&#8221; body_text_color=&#8221;#000000&#8243; custom_margin=&#8221;|20px||20px|false|false&#8221; custom_padding=&#8221;|20px||20px|false|false&#8221; hover_enabled=&#8221;0&#8243; border_radii=&#8221;on|7px|7px|7px|7px&#8221; global_colors_info=&#8221;{}&#8221; sticky_enabled=&#8221;0&#8243;]<\/p>\n<p>Att ha styrkan och motivationen att forts\u00e4tta behandlingen varje natt \u00e4r nyckeln till framg\u00e5ng. V\u00e5r erfarenhet \u00e4r att Pjama behandlingsbyxor och shorts, som h\u00e5ller s\u00e4ngen torr under behandlingen och \u00e4r en del av kittet <span style=\"color: #1f448b;\">DryGuardians &#8211; For Frequent bedwetters,<\/span> g\u00f6r livet enklare under behandlingen med mindre tv\u00e4tt och d\u00e4rmed \u00f6kar motivationen och chansen till en lyckad behandling. <\/p>\n<p>[\/et_pb_toggle][et_pb_toggle title=&#8221;Sover du borta fr\u00e5n hemmet under behandlingen?&#8221; open_toggle_text_color=&#8221;#000000&#8243; icon_color=&#8221;#1F448B&#8221; _builder_version=&#8221;4.27.0&#8243; _module_preset=&#8221;default&#8221; title_text_color=&#8221;#000000&#8243; title_level=&#8221;h4&#8243; title_font=&#8221;IBM Plex Sans|600|||||||&#8221; body_font=&#8221;IBM Plex Sans||||||||&#8221; body_text_color=&#8221;#000000&#8243; custom_margin=&#8221;|20px||20px|false|false&#8221; custom_padding=&#8221;|20px||20px|false|false&#8221; border_radii=&#8221;on|7px|7px|7px|7px&#8221; global_colors_info=&#8221;{}&#8221;]<\/p>\n<p>Det \u00e4r viktigt att behandlingen g\u00f6rs varje natt n\u00e4r du v\u00e4l har b\u00f6rjat. Om du sover borta en natt kan <span style=\"color: #1f448b;\">Dryguardians &#8211; Nighttime Mix Kit<\/span> passa bra. Pjamasensorn kan kn\u00e4ppas fast p\u00e5 ett par pyjamasbehandlingsbyxor ist\u00e4llet f\u00f6r underbyxor och hj\u00e4lper d\u00e4rmed till att f\u00e5 ett diskret skydd som h\u00e5ller s\u00e4ngen torr. DryGuardians-appen kan anv\u00e4ndas som ett larm och ge diskret feedback.   <\/p>\n<p>[\/et_pb_toggle][et_pb_toggle title=&#8221;Pojke\/man eller flicka\/kvinna?&#8221; open_toggle_text_color=&#8221;#000000&#8243; icon_color=&#8221;#1F448B&#8221; _builder_version=&#8221;4.27.0&#8243; _module_preset=&#8221;default&#8221; title_text_color=&#8221;#000000&#8243; title_level=&#8221;h4&#8243; title_font=&#8221;IBM Plex Sans|600|||||||&#8221; body_font=&#8221;IBM Plex Sans||||||||&#8221; body_text_color=&#8221;#000000&#8243; custom_margin=&#8221;|20px||20px|false|false&#8221; custom_padding=&#8221;|20px||20px|false|false&#8221; border_radii=&#8221;on|7px|7px|7px|7px&#8221; global_colors_info=&#8221;{}&#8221;]<\/p>\n<p><span style=\"color: #1f448b;\">DryGuardians &#8211; For Everyone<\/span> startkit inneh\u00e5ller Pjama Connect-larmet och \u00e4r v\u00e5rt l\u00e5gkostnadsalternativ f\u00f6r alla. Det fungerar dock b\u00e4st f\u00f6r flickor\/kvinnor eftersom det l\u00e4ttare kan placeras d\u00e4r urinstr\u00e5len tr\u00e4ffar. <\/p>\n<p>F\u00f6r att k\u00e4nna av urin b\u00e4ttre \u00f6ver ett st\u00f6rre omr\u00e5de rekommenderas startpaketen <span style=\"color: #1f448b;\">DryGuardians &#8211; For Boys<\/span> och <span style=\"color: #1f448b;\">DryGuardians &#8211; For Girls <\/span>som inneh\u00e5ller Pjama-sensor, h\u00f6gtalare och underkl\u00e4der f\u00f6r pojkar respektive flickor.<\/p>\n<p>[\/et_pb_toggle][et_pb_toggle title=&#8221;Sv\u00e5rt att vakna?&#8221; open_toggle_text_color=&#8221;#000000&#8243; icon_color=&#8221;#1F448B&#8221; _builder_version=&#8221;4.27.0&#8243; _module_preset=&#8221;default&#8221; title_text_color=&#8221;#000000&#8243; title_level=&#8221;h4&#8243; title_font=&#8221;IBM Plex Sans|600|||||||&#8221; body_font=&#8221;IBM Plex Sans||||||||&#8221; body_text_color=&#8221;#000000&#8243; custom_margin=&#8221;|20px||20px|false|false&#8221; custom_padding=&#8221;|20px||20px|false|false&#8221; border_radii=&#8221;on|7px|7px|7px|7px&#8221; global_colors_info=&#8221;{}&#8221;]<\/p>\n<p>Du kan anv\u00e4nda h\u00f6gtalare eller telefon separat eller b\u00e5da tillsammans som larmenheter. Det \u00e4r en fr\u00e5ga om budget och vad du gillar. <\/p>\n<p>Det \u00e4r vanligt att s\u00e4ngv\u00e4tning \u00e4r kopplat till djup s\u00f6mn. Det har visat sig att barn l\u00e4ttare vaknar av sina f\u00f6r\u00e4ldrars r\u00f6ster. Med <span style=\"color: #1f448b;\">DryGuardians App<\/span> har du m\u00f6jlighet att spela in ditt eget alarm p\u00e5 din telefon och anv\u00e4nda det som ett larm. Applikationen kan anv\u00e4ndas med alla Pjama-produkter.   <\/p>\n<p>[\/et_pb_toggle][\/et_pb_column][\/et_pb_row][\/et_pb_section][et_pb_section fb_built=&#8221;1&#8243; _builder_version=&#8221;4.27.0&#8243; background_color=&#8221;#FFFFFF&#8221; custom_margin_tablet=&#8221;-60px||||false|false&#8221; custom_margin_last_edited=&#8221;off|desktop&#8221; custom_padding=&#8221;48px|||||&#8221; da_disable_devices=&#8221;off|off|off&#8221; collapsed=&#8221;on&#8221; global_colors_info=&#8221;{}&#8221; da_is_popup=&#8221;off&#8221; da_exit_intent=&#8221;off&#8221; da_has_close=&#8221;on&#8221; da_alt_close=&#8221;off&#8221; da_dark_close=&#8221;off&#8221; da_not_modal=&#8221;on&#8221; da_is_singular=&#8221;off&#8221; da_with_loader=&#8221;off&#8221; da_has_shadow=&#8221;on&#8221;][et_pb_row custom_padding_last_edited=&#8221;on|phone&#8221; _builder_version=&#8221;4.27.0&#8243; background_size=&#8221;initial&#8221; background_position=&#8221;top_left&#8221; background_repeat=&#8221;repeat&#8221; min_height=&#8221;1118.4px&#8221; custom_margin=&#8221;5%|auto|-46px|auto|false|false&#8221; custom_padding=&#8221;0px||60px|||&#8221; custom_padding_tablet=&#8221;||60px||false|false&#8221; custom_padding_phone=&#8221;&#8221; global_colors_info=&#8221;{}&#8221;][et_pb_column type=&#8221;4_4&#8243; _builder_version=&#8221;4.16&#8243; custom_padding=&#8221;|||&#8221; global_colors_info=&#8221;{}&#8221; custom_padding__hover=&#8221;|||&#8221;][et_pb_shop type=&#8221;product_category&#8221; posts_number=&#8221;18&#8243; include_categories=&#8221;87&#8243; icon_hover_color=&#8221;RGBA(255,255,255,0)&#8221; hover_overlay_color=&#8221;rgba(31,68,139,0.5)&#8221; _builder_version=&#8221;4.27.0&#8243; _module_preset=&#8221;default&#8221; border_radii=&#8221;on|7px|7px|7px|7px&#8221; global_colors_info=&#8221;{}&#8221;][\/et_pb_shop][et_pb_button button_url=&#8221;https:\/\/dryguardians.eu\/sv\/sangvatning\/&#8221; button_text=&#8221;TILLBAKA TILL WEBBSHOPPEN&#8221; button_alignment=&#8221;center&#8221; _builder_version=&#8221;4.27.4&#8243; _module_preset=&#8221;default&#8221; custom_button=&#8221;on&#8221; button_border_radius=&#8221;7px&#8221; hover_enabled=&#8221;0&#8243; box_shadow_style=&#8221;preset3&#8243; box_shadow_color=&#8221;#61A2DF&#8221; global_colors_info=&#8221;{}&#8221; sticky_enabled=&#8221;0&#8243;][\/et_pb_button][\/et_pb_column][\/et_pb_row][\/et_pb_section]<\/p>\n","protected":false},"excerpt":{"rendered":"<p>Alla s\u00e4ngv\u00e4tningslarm inkluderar DryGuardians behandlingstj\u00e4nstDryGuardians-appen analyserar dina data dagligen f\u00f6r att v\u00e4gleda din behandling av s\u00e4ngv\u00e4tning och erbjuder experttips och personlig r\u00e5dgivning. Appen \u00e4r utvecklad tillsammans med ledande experter p\u00e5 s\u00e4ngv\u00e4tning och den svenska sjukv\u00e5rden, appen fungerar tillsammans med ditt s\u00e4ngv\u00e4tningslarm. Alla larm har tj\u00e4nsten inkluderad. Att ha styrkan och motivationen att forts\u00e4tta behandlingen varje [&hellip;]<\/p>\n","protected":false},"author":6,"featured_media":0,"parent":0,"menu_order":0,"comment_status":"closed","ping_status":"closed","template":"","meta":{"_et_pb_use_builder":"on","_et_pb_old_content":"","_et_gb_content_width":"","inline_featured_image":false,"footnotes":""},"class_list":["post-9801","page","type-page","status-publish","hentry"],"_links":{"self":[{"href":"https:\/\/dryguardians.eu\/sv\/wp-json\/wp\/v2\/pages\/9801","targetHints":{"allow":["GET"]}}],"collection":[{"href":"https:\/\/dryguardians.eu\/sv\/wp-json\/wp\/v2\/pages"}],"about":[{"href":"https:\/\/dryguardians.eu\/sv\/wp-json\/wp\/v2\/types\/page"}],"author":[{"embeddable":true,"href":"https:\/\/dryguardians.eu\/sv\/wp-json\/wp\/v2\/users\/6"}],"replies":[{"embeddable":true,"href":"https:\/\/dryguardians.eu\/sv\/wp-json\/wp\/v2\/comments?post=9801"}],"version-history":[{"count":11,"href":"https:\/\/dryguardians.eu\/sv\/wp-json\/wp\/v2\/pages\/9801\/revisions"}],"predecessor-version":[{"id":10026,"href":"https:\/\/dryguardians.eu\/sv\/wp-json\/wp\/v2\/pages\/9801\/revisions\/10026"}],"wp:attachment":[{"href":"https:\/\/dryguardians.eu\/sv\/wp-json\/wp\/v2\/media?parent=9801"}],"curies":[{"name":"wp","href":"https:\/\/api.w.org\/{rel}","templated":true}]}}